{"id":8257,"date":"2022-06-08T15:32:51","date_gmt":"2022-06-08T13:32:51","guid":{"rendered":"https:\/\/www.hotelpigalle.se\/?page_id=8257"},"modified":"2026-03-15T11:15:15","modified_gmt":"2026-03-15T10:15:15","slug":"gdpr","status":"publish","type":"page","link":"https:\/\/www.hotelpigalle.se\/sv\/gdpr\/","title":{"rendered":"GDPR"},"content":{"rendered":"<p><div class=\"fusion-fullwidth fullwidth-box fusion-builder-row-1 fusion-flex-container fusion-parallax-none hundred-percent-fullwidth non-hundred-percent-height-scrolling lazyload fusion-custom-z-index\" style=\"--awb-border-radius-top-left:0px;--awb-border-radius-top-right:0px;--awb-border-radius-bottom-right:0px;--awb-border-radius-bottom-left:0px;--awb-z-index:1;--awb-padding-top:50px;--awb-padding-right:6%;--awb-padding-bottom:100px;--awb-padding-left:6%;--awb-padding-bottom-small:160px;--awb-background-image:linear-gradient(180deg, rgba(35,23,18,0.1) 0%,rgba(35,26,20,0.39) 100%);;--awb-background-size:cover;--awb-flex-wrap:wrap;\" data-bg=\"https:\/\/www.hotelpigalle.se\/wp-content\/uploads\/2020\/10\/hotel-pigalle-classique-top-slide-2200px.jpg\" data-bg-gradient=\"linear-gradient(180deg, rgba(35,23,18,0.1) 0%,rgba(35,26,20,0.39) 100%)\" ><div class=\"fusion-builder-row fusion-row fusion-flex-align-items-center fusion-flex-align-content-center fusion-flex-justify-content-center fusion-flex-content-wrap\" style=\"width:104% !important;max-width:104% !important;margin-left: calc(-4% \/ 2 );margin-right: calc(-4% \/ 2 );\"><div class=\"fusion-layout-column fusion_builder_column fusion-builder-column-0 fusion_builder_column_2_3 2_3 fusion-flex-column\" style=\"--awb-bg-size:cover;--awb-width-large:66.666666666667%;--awb-margin-top-large:148px;--awb-spacing-right-large:0%;--awb-margin-bottom-large:40px;--awb-spacing-left-large:0%;--awb-width-medium:100%;--awb-margin-top-medium:60px;--awb-spacing-right-medium:1.92%;--awb-margin-bottom-medium:0px;--awb-spacing-left-medium:1.92%;--awb-width-small:100%;--awb-margin-top-small:181px;--awb-spacing-right-small:0%;--awb-margin-bottom-small:0px;--awb-spacing-left-small:0%;\"><div class=\"fusion-column-wrapper fusion-column-has-shadow fusion-flex-justify-content-center fusion-content-layout-column\"><div class=\"fusion-title title fusion-title-1 fusion-sep-none fusion-title-center fusion-title-text fusion-title-size-one\" style=\"--awb-text-color:#ffffff;--awb-margin-bottom:0px;--awb-margin-bottom-small:0px;--awb-font-size:3em;\"><h1 class=\"fusion-title-heading title-heading-center fusion-responsive-typography-calculated\" style=\"margin:0;letter-spacing:1px;font-size:1em;--fontSize:54.45;line-height:1.4;\">GDPR<\/h1><\/div><\/div><\/div><\/div><\/div><div id=\"explore\" class=\"fusion-container-anchor\"><div class=\"fusion-fullwidth fullwidth-box fusion-builder-row-2 fusion-flex-container nonhundred-percent-fullwidth non-hundred-percent-height-scrolling\" style=\"--awb-border-radius-top-left:0px;--awb-border-radius-top-right:0px;--awb-border-radius-bottom-right:0px;--awb-border-radius-bottom-left:0px;--awb-padding-top:0%;--awb-padding-bottom:0%;--awb-padding-right-small:4%;--awb-padding-left-small:4%;--awb-flex-wrap:wrap;\" ><div class=\"fusion-builder-row fusion-row fusion-flex-align-items-center fusion-flex-content-wrap\" style=\"max-width:1320.8px;margin-left: calc(-4% \/ 2 );margin-right: calc(-4% \/ 2 );\"><div class=\"fusion-layout-column fusion_builder_column fusion-builder-column-1 fusion_builder_column_1_1 1_1 fusion-flex-column fusion-flex-align-self-flex-start\" style=\"--awb-padding-top:22px;--awb-padding-right:5%;--awb-padding-bottom:7%;--awb-padding-left:5%;--awb-padding-bottom-medium:60px;--awb-bg-color:#ffffff;--awb-bg-color-hover:#ffffff;--awb-bg-size:cover;--awb-width-large:100%;--awb-margin-top-large:25px;--awb-spacing-right-large:1.92%;--awb-margin-bottom-large:25px;--awb-spacing-left-large:1.92%;--awb-width-medium:100%;--awb-order-medium:0;--awb-spacing-right-medium:1.92%;--awb-spacing-left-medium:1.92%;--awb-width-small:100%;--awb-order-small:0;--awb-spacing-right-small:1.92%;--awb-spacing-left-small:1.92%;\"><div class=\"fusion-column-wrapper fusion-column-has-shadow fusion-flex-justify-content-flex-start fusion-content-layout-column\"><div class=\"fusion-builder-row fusion-builder-row-inner fusion-row fusion-flex-align-items-center fusion-flex-content-wrap\" style=\"width:104% !important;max-width:104% !important;margin-left: calc(-4% \/ 2 );margin-right: calc(-4% \/ 2 );\"><div class=\"fusion-layout-column fusion_builder_column_inner fusion-builder-nested-column-0 fusion_builder_column_inner_1_2 1_2 fusion-flex-column\" style=\"--awb-bg-size:cover;--awb-width-large:50%;--awb-margin-top-large:25px;--awb-spacing-right-large:3.84%;--awb-margin-bottom-large:25px;--awb-spacing-left-large:3.84%;--awb-width-medium:50%;--awb-order-medium:0;--awb-spacing-right-medium:3.84%;--awb-spacing-left-medium:3.84%;--awb-width-small:100%;--awb-order-small:2;--awb-spacing-right-small:1.92%;--awb-spacing-left-small:1.92%;\"><div class=\"fusion-column-wrapper fusion-column-has-shadow fusion-flex-justify-content-flex-start fusion-content-layout-column\"><div class=\"fusion-title title fusion-title-2 fusion-sep-none fusion-title-text fusion-title-size-two\" style=\"--awb-margin-bottom:0px;--awb-font-size:1.4em;\"><h2 class=\"fusion-title-heading title-heading-left fusion-responsive-typography-calculated\" style=\"margin:0;font-size:1em;--fontSize:25.41;line-height:1.5;\">Privacy Policy \u2013 GDPR<\/h2><\/div><\/div><\/div><div class=\"fusion-layout-column fusion_builder_column_inner fusion-builder-nested-column-1 fusion_builder_column_inner_1_2 1_2 fusion-flex-column\" style=\"--awb-bg-size:cover;--awb-width-large:50%;--awb-margin-top-large:25px;--awb-spacing-right-large:3.84%;--awb-margin-bottom-large:25px;--awb-spacing-left-large:3.84%;--awb-width-medium:50%;--awb-order-medium:0;--awb-spacing-right-medium:3.84%;--awb-spacing-left-medium:3.84%;--awb-width-small:100%;--awb-order-small:1;--awb-spacing-right-small:1.92%;--awb-margin-bottom-small:0px;--awb-spacing-left-small:1.92%;\"><div class=\"fusion-column-wrapper fusion-column-has-shadow fusion-flex-justify-content-flex-start fusion-content-layout-column\"><div class=\"sm-text-align-left\" style=\"text-align:right;\"><a class=\"fusion-button button-flat fusion-button-default-size button-default fusion-button-default button-1 fusion-button-default-span fusion-button-default-type\" target=\"_self\" href=\"https:\/\/www.hotelpigalle.se\/wp-content\/uploads\/2025\/05\/GDPR-Hotel-pigalle-Engelska-130525.pdf\"><span class=\"fusion-button-text awb-button__text awb-button__text--default\">ENGLISH<\/span><\/a><\/div><\/div><\/div><\/div><div class=\"fusion-text fusion-text-1 fusion-text-no-margin\" style=\"--awb-content-alignment:left;--awb-margin-bottom:0px;\"><p>Vi p\u00e5 HPG Sverige AB (\u201c<strong>Hotel Pigalle<\/strong>\u201d) och de andra f\u00f6retagen inom ESS Hotel Group AB (\u201d<strong>ESS<\/strong>\u201d, \u201d<strong>vi<\/strong>\u201d, \u201d<strong>v\u00e5r<\/strong>\u201d och \u201d<strong>oss<\/strong>\u201d) v\u00e4rnar om din integritet och vill d\u00e4rf\u00f6r informera dig om hur dina personuppgifter anv\u00e4nds av oss och inom f\u00f6retagsgruppen.<\/p>\n<p>I v\u00e5r Privacy Policy p\u00e5 l\u00e4nkarna nedan hittar du detaljerad information om hur vi behandlar dina personuppgifter i varje specifik situation.<\/p>\n<ul>\n<li>Om du bes\u00f6ker v\u00e5r <a href=\"https:\/\/www.essgroup.se\/website-visit\/\">hemsida<\/a><\/li>\n<li>Om du <a href=\"https:\/\/www.essgroup.se\/booking-purchase-and-visit\/\">bes\u00f6ker<\/a>\u202f oss eller har en <a href=\"https:\/\/www.essgroup.se\/booking-purchase-and-visit\/\">vistelse<\/a> p\u00e5 v\u00e5ra destinationer<\/li>\n<li>Om du interagerar med oss \u200b\u200bp\u00e5 <a href=\"https:\/\/www.essgroup.se\/social-media-and-other-interaction\/\">sociala medier<\/a> eller p\u00e5 annat s\u00e4tt <a href=\"https:\/\/www.essgroup.se\/social-media-and-other-interaction\/\">kontaktar oss<\/a> inf\u00f6r en bokning, k\u00f6p eller vistelse<\/li>\n<li>Om du prenumererar p\u00e5 v\u00e5ra <a href=\"https:\/\/www.essgroup.se\/newsletter-and-text-messages\/\">nyhetsbrev eller sms<\/a><\/li>\n<li>Om du \u00e4r med i <a href=\"https:\/\/www.essgroup.se\/friends-of-ess-privacy-policy\/\">Friends of ESS<\/a> (ESS Hotel Group AB ansvarar f\u00f6r behandlingen av dina personuppgifter)<\/li>\n<li>Om du best\u00e4ller fr\u00e5n <a href=\"https:\/\/homeofess.com\/se\/kopvillkor\/\">Home of ESS<\/a>, \u00e4r medlem i Home of ESS, bes\u00f6ker Home of ESS hemsida eller p\u00e5 annat s\u00e4tt \u00e4r i kontakt med Home of ESS<\/li>\n<li>Om du bes\u00f6ker\u202foss eller har en vistelse\/reservation eller bokning p\u00e5 v\u00e5ra destinationer<\/li>\n<li>Om du deltar i <a href=\"https:\/\/www.essgroup.se\/participating-in-a-contest\/\">t\u00e4vlingar<\/a><\/li>\n<li>Om du har ett <a href=\"https:\/\/www.essgroup.se\/complaint-or-claim\/\">klagom\u00e5l<\/a> eller andra <a href=\"https:\/\/www.essgroup.se\/complaint-or-claim\/\">krav<\/a><\/li>\n<li>Om <a href=\"https:\/\/www.hotelpigalle.se\/sv\/surveillance\/\">kamerabevakning<\/a> hos oss<\/li>\n<li>Om du anv\u00e4nder&nbsp;<a href=\"https:\/\/www.essgroup.se\/chatbot-and-ai-based-communication\/\"><b>AI-chatboten<\/b><\/a>&nbsp;som finns p\u00e5 v\u00e5ra webbplatser<\/li>\n<\/ul>\n<p>I v\u00e5r Privacy Policy har vi specificerat vilket f\u00f6retag som \u00e4r ansvarigt f\u00f6r behandlingen av dina personuppgifter i varje situation. Exempelvis \u00e4r b\u00e5de destinationen och ESS Hotel Group AB, som personuppgiftsansvariga, ansvariga f\u00f6r behandlingen av dina personuppgifter n\u00e4r du bokar ett bes\u00f6k, bor hos oss eller g\u00f6r ett k\u00f6p.<\/p>\n<p>Vi delar dina personuppgifter inom v\u00e5r f\u00f6retagsgrupp f\u00f6r att ge dig en h\u00f6gkvalitativ service oavsett vilken destination du bes\u00f6ker och som ett s\u00e4tt att bedriva v\u00e5r verksamhet p\u00e5 det mest effektiva s\u00e4ttet. Vi begr\u00e4nsar dock all delning av dina personuppgifter till vad som \u00e4r n\u00f6dv\u00e4ndigt. Vi beskriver detta p\u00e5 l\u00e4nkarna ovan och <a href=\"https:\/\/www.hotelpigalle.se\/wp-content\/uploads\/2022\/06\/GDPR-Pigalle.pdf\">h\u00e4r<\/a>.<\/p>\n<p>Kontakta oss g\u00e4rna om du har n\u00e5gra fr\u00e5gor eller vill veta mer om dina r\u00e4ttigheter.<\/p>\n<p>I v\u00e5ra Privacy Policies hittar du information om dina r\u00e4ttigheter. Du har till exempel alltid r\u00e4tt att \u00e5terkalla ett samtycke och inv\u00e4nda mot marknadsf\u00f6ring ifr\u00e5n oss.<\/p>\n<p>Om du har n\u00e5gra fr\u00e5gor ang\u00e5ende v\u00e5r behandling av dina personuppgifter, eller om du vill ut\u00f6va n\u00e5gon av dina r\u00e4ttigheter enligt dataskyddslagstiftningen, kan du kontakta det f\u00f6retag du har interagerat med tidigare eller ESS Hotel Group AB.<\/p>\n<p>Det snabbaste s\u00e4ttet att komma i kontakt med oss \u200b\u200b\u00e4r att anv\u00e4nda v\u00e5r e-postadress speciellt avsedd f\u00f6r detta \u00e4ndam\u00e5l <a href=\"mailto:privacy@essgroup.se\">privacy@essgroup.se<\/a>, eller att ringa oss p\u00e5 <a href=\"tel:0046775553553\">+46 775-553 553<\/a>.<\/p>\n<p>Vi f\u00f6rbeh\u00e5ller oss r\u00e4tten att uppdatera eller \u00e4ndra denna policy n\u00e4r som helst och du b\u00f6r regelbundet bes\u00f6ka denna webbplats f\u00f6r att f\u00e5 den senaste versionen.<\/p>\n<div>\n<div class=\"WordSection1\">\n<div id=\"mail-editor-reference-message-container\">\n<div>\n<div>Senast uppdaterad 2024-09-16.<\/div>\n<\/div>\n<\/div>\n<\/div>\n<\/div>\n<\/div><\/div><\/div><\/div><\/div><\/div><\/p>\n","protected":false},"excerpt":{"rendered":"","protected":false},"author":13,"featured_media":0,"parent":0,"menu_order":0,"comment_status":"closed","ping_status":"closed","template":"100-width.php","meta":{"_acf_changed":false,"inline_featured_image":false,"footnotes":""},"class_list":["post-8257","page","type-page","status-publish","hentry"],"acf":[],"yoast_head":"<!-- This site is optimized with the Yoast SEO plugin v27.1.1 - https:\/\/yoast.com\/product\/yoast-seo-wordpress\/ -->\n<title>GDPR &amp; Integritetspolicy | Hotel Pigalle G\u00f6teborg<\/title>\n<meta name=\"description\" content=\"L\u00e4s hur Hotel Pigalle i G\u00f6teborg hanterar dina personuppgifter enligt GDPR. Vi v\u00e4rnar om din integritet och behandlar dina uppgifter med omsorg.\" \/>\n<meta name=\"robots\" content=\"index, follow, max-snippet:-1, max-image-preview:large, max-video-preview:-1\" \/>\n<link rel=\"canonical\" href=\"https:\/\/www.hotelpigalle.se\/sv\/gdpr\/\" \/>\n<meta property=\"og:locale\" content=\"sv_SE\" \/>\n<meta property=\"og:type\" content=\"article\" \/>\n<meta property=\"og:title\" content=\"GDPR &amp; Integritetspolicy | Hotel Pigalle G\u00f6teborg\" \/>\n<meta property=\"og:description\" content=\"L\u00e4s hur Hotel Pigalle i G\u00f6teborg hanterar dina personuppgifter enligt GDPR. Vi v\u00e4rnar om din integritet och behandlar dina uppgifter med omsorg.\" \/>\n<meta property=\"og:url\" content=\"https:\/\/www.hotelpigalle.se\/sv\/gdpr\/\" \/>\n<meta property=\"og:site_name\" content=\"Hotel Pigalle\u00ae\" \/>\n<meta property=\"article:publisher\" content=\"https:\/\/www.facebook.com\/hotelpigallegbg\/\" \/>\n<meta property=\"article:modified_time\" content=\"2026-03-15T10:15:15+00:00\" \/>\n<meta property=\"og:image\" content=\"https:\/\/www.hotelpigalle.se\/wp-content\/uploads\/2025\/10\/Restaurant_pigalle2-1024x683.jpg\" \/>\n\t<meta property=\"og:image:width\" content=\"1024\" \/>\n\t<meta property=\"og:image:height\" content=\"683\" \/>\n\t<meta property=\"og:image:type\" content=\"image\/jpeg\" \/>\n<meta name=\"twitter:label1\" content=\"Ber\u00e4knad l\u00e4stid\" \/>\n\t<meta name=\"twitter:data1\" content=\"3 minuter\" \/>\n<!-- \/ Yoast SEO plugin. -->","yoast_head_json":{"title":"GDPR & Integritetspolicy | Hotel Pigalle G\u00f6teborg","description":"L\u00e4s hur Hotel Pigalle i G\u00f6teborg hanterar dina personuppgifter enligt GDPR. Vi v\u00e4rnar om din integritet och behandlar dina uppgifter med omsorg.","robots":{"index":"index","follow":"follow","max-snippet":"max-snippet:-1","max-image-preview":"max-image-preview:large","max-video-preview":"max-video-preview:-1"},"canonical":"https:\/\/www.hotelpigalle.se\/sv\/gdpr\/","og_locale":"sv_SE","og_type":"article","og_title":"GDPR & Integritetspolicy | Hotel Pigalle G\u00f6teborg","og_description":"L\u00e4s hur Hotel Pigalle i G\u00f6teborg hanterar dina personuppgifter enligt GDPR. Vi v\u00e4rnar om din integritet och behandlar dina uppgifter med omsorg.","og_url":"https:\/\/www.hotelpigalle.se\/sv\/gdpr\/","og_site_name":"Hotel Pigalle\u00ae","article_publisher":"https:\/\/www.facebook.com\/hotelpigallegbg\/","article_modified_time":"2026-03-15T10:15:15+00:00","og_image":[{"width":1024,"height":683,"url":"https:\/\/www.hotelpigalle.se\/wp-content\/uploads\/2025\/10\/Restaurant_pigalle2-1024x683.jpg","type":"image\/jpeg"}],"twitter_misc":{"Ber\u00e4knad l\u00e4stid":"3 minuter"},"schema":{"@context":"https:\/\/schema.org","@graph":[]}},"_links":{"self":[{"href":"https:\/\/www.hotelpigalle.se\/sv\/wp-json\/wp\/v2\/pages\/8257","targetHints":{"allow":["GET"]}}],"collection":[{"href":"https:\/\/www.hotelpigalle.se\/sv\/wp-json\/wp\/v2\/pages"}],"about":[{"href":"https:\/\/www.hotelpigalle.se\/sv\/wp-json\/wp\/v2\/types\/page"}],"author":[{"embeddable":true,"href":"https:\/\/www.hotelpigalle.se\/sv\/wp-json\/wp\/v2\/users\/13"}],"replies":[{"embeddable":true,"href":"https:\/\/www.hotelpigalle.se\/sv\/wp-json\/wp\/v2\/comments?post=8257"}],"version-history":[{"count":22,"href":"https:\/\/www.hotelpigalle.se\/sv\/wp-json\/wp\/v2\/pages\/8257\/revisions"}],"predecessor-version":[{"id":16733,"href":"https:\/\/www.hotelpigalle.se\/sv\/wp-json\/wp\/v2\/pages\/8257\/revisions\/16733"}],"wp:attachment":[{"href":"https:\/\/www.hotelpigalle.se\/sv\/wp-json\/wp\/v2\/media?parent=8257"}],"curies":[{"name":"wp","href":"https:\/\/api.w.org\/{rel}","templated":true}]}}