{"id":4384,"date":"2020-10-12T12:37:03","date_gmt":"2020-10-12T10:37:03","guid":{"rendered":"https:\/\/www.hotelpigalle.se\/?page_id=4384"},"modified":"2026-03-15T11:14:41","modified_gmt":"2026-03-15T10:14:41","slug":"dresscode","status":"publish","type":"page","link":"https:\/\/www.hotelpigalle.se\/sv\/dresscode\/","title":{"rendered":"Dresscode"},"content":{"rendered":"<div class=\"fusion-fullwidth fullwidth-box fusion-builder-row-1 fusion-flex-container nonhundred-percent-fullwidth non-hundred-percent-height-scrolling\" style=\"--awb-border-radius-top-left:0px;--awb-border-radius-top-right:0px;--awb-border-radius-bottom-right:0px;--awb-border-radius-bottom-left:0px;--awb-flex-wrap:wrap;\" ><div class=\"fusion-builder-row fusion-row fusion-flex-align-items-flex-start fusion-flex-content-wrap\" style=\"max-width:1320.8px;margin-left: calc(-4% \/ 2 );margin-right: calc(-4% \/ 2 );\"><div class=\"fusion-layout-column fusion_builder_column fusion-builder-column-0 fusion_builder_column_1_1 1_1 fusion-flex-column\" style=\"--awb-bg-size:cover;--awb-width-large:100%;--awb-margin-top-large:25px;--awb-spacing-right-large:1.92%;--awb-margin-bottom-large:25px;--awb-spacing-left-large:1.92%;--awb-width-medium:100%;--awb-order-medium:0;--awb-spacing-right-medium:1.92%;--awb-spacing-left-medium:1.92%;--awb-width-small:100%;--awb-order-small:0;--awb-spacing-right-small:1.92%;--awb-spacing-left-small:1.92%;\"><div class=\"fusion-column-wrapper fusion-column-has-shadow fusion-flex-justify-content-flex-start fusion-content-layout-column\"><div class=\"fusion-text fusion-text-1\" style=\"--awb-content-alignment:center;\"><h2 style=\"text-align: center;\"><strong>Style and sense \u2013 Mutual understanding<\/strong><\/h2>\n<p style=\"text-align: center;\"><img decoding=\"async\" class=\"lazyload aligncenter wp-image-9923 \" src=\"data:image\/svg+xml,%3Csvg%20xmlns%3D%27http%3A%2F%2Fwww.w3.org%2F2000%2Fsvg%27%20width%3D%27490%27%20height%3D%27457%27%20viewBox%3D%270%200%20490%20457%27%3E%3Crect%20width%3D%27490%27%20height%3D%27457%27%20fill-opacity%3D%220%22%2F%3E%3C%2Fsvg%3E\" data-orig-src=\"https:\/\/www.hotelpigalle.se\/wp-content\/uploads\/2018\/08\/dresscode_1-300x280.png\" alt=\"\" width=\"490\" height=\"457\" \/><br \/>\nAt Hotel Pigalle we put effort into our <strong>appearance<\/strong> and <strong>presentation<\/strong> of both ourselves and the hotel.<\/p>\n<p style=\"text-align: center;\">Style has many forms and individual quirks but has two universal denominators; <strong>consciousness<\/strong> and <strong>thoughtfulness<\/strong>.<br \/>\nYour individual <strong>style<\/strong> and choices says a lot about who you are as a person. Which is why you are here with <em>us<\/em>.<\/p>\n<p style=\"text-align: center;\"><em>We want you to be <strong>you<\/strong><\/em>.<\/p>\n<p style=\"text-align: center;\">We request that you dress accordingly in our public spaces:<\/p>\n<p style=\"text-align: center;\"><strong>\u2022 Neat appearance<\/strong> \u2013 whole and clean<\/p>\n<p style=\"text-align: center;\"><strong>\u2022 <\/strong>Shorts \u2013 absolutely, <strong>in a non-sporting context<\/strong><\/p>\n<p style=\"text-align: center;\"><strong>\u2022 No<\/strong> visible undergarments<\/p>\n<p style=\"text-align: center;\"><strong>\u2022 No<\/strong> supporter\/team shirts<\/p>\n<p style=\"text-align: center;\">A luggage room is available for patrons where helmets, oversized bags and backpacks etc. can be stored during your visit.<\/p>\n<p style=\"text-align: center;\">We thank you for your efforts and appreciate that you wish to show us the best side of you.<br \/>\nWe promise to return the favour.<\/p>\n<p style=\"text-align: center;\"><strong><em>The scruffier the beard, the sharper you need to dress &#8211;<\/em>\u00a0Ashton Kutcher<\/strong><\/p>\n<p style=\"text-align: center;\"><strong><em>You can have anything you want in life if you dress for it &#8211;<\/em>\u00a0Edith Head<\/strong><\/p>\n<\/div><\/div><\/div><\/div><\/div>\n","protected":false},"excerpt":{"rendered":"","protected":false},"author":12,"featured_media":0,"parent":0,"menu_order":0,"comment_status":"closed","ping_status":"closed","template":"","meta":{"_acf_changed":false,"inline_featured_image":false,"footnotes":""},"class_list":["post-4384","page","type-page","status-publish","hentry"],"acf":[],"yoast_head":"<!-- This site is optimized with the Yoast SEO plugin v27.1.1 - https:\/\/yoast.com\/product\/yoast-seo-wordpress\/ -->\n<title>Dresscode \u2013 Kl\u00e4dkod p\u00e5 Hotel Pigalle G\u00f6teborg<\/title>\n<meta name=\"description\" content=\"V\u00e4lkommen till Hotel Pigalle \u2013 ett boutiquehotell med k\u00e4nsla f\u00f6r stil och elegans i centrala G\u00f6teborg. L\u00e4s om v\u00e5r kl\u00e4dkod och boka direkt till b\u00e4sta pris.\" \/>\n<meta name=\"robots\" content=\"noindex, follow\" \/>\n<meta property=\"og:locale\" content=\"sv_SE\" \/>\n<meta property=\"og:type\" content=\"article\" \/>\n<meta property=\"og:title\" content=\"Dresscode \u2013 Kl\u00e4dkod p\u00e5 Hotel Pigalle G\u00f6teborg\" \/>\n<meta property=\"og:description\" content=\"V\u00e4lkommen till Hotel Pigalle \u2013 ett boutiquehotell med k\u00e4nsla f\u00f6r stil och elegans i centrala G\u00f6teborg. L\u00e4s om v\u00e5r kl\u00e4dkod och boka direkt till b\u00e4sta pris.\" \/>\n<meta property=\"og:url\" content=\"https:\/\/www.hotelpigalle.se\/sv\/dresscode\/\" \/>\n<meta property=\"og:site_name\" content=\"Hotel Pigalle\u00ae\" \/>\n<meta property=\"article:publisher\" content=\"https:\/\/www.facebook.com\/hotelpigallegbg\/\" \/>\n<meta property=\"article:modified_time\" content=\"2026-03-15T10:14:41+00:00\" \/>\n<meta property=\"og:image\" content=\"https:\/\/www.hotelpigalle.se\/wp-content\/uploads\/2018\/08\/dresscode_1-300x280.png\" \/>\n<meta name=\"twitter:label1\" content=\"Ber\u00e4knad l\u00e4stid\" \/>\n\t<meta name=\"twitter:data1\" content=\"4 minuter\" \/>\n<!-- \/ Yoast SEO plugin. -->","yoast_head_json":{"title":"Dresscode \u2013 Kl\u00e4dkod p\u00e5 Hotel Pigalle G\u00f6teborg","description":"V\u00e4lkommen till Hotel Pigalle \u2013 ett boutiquehotell med k\u00e4nsla f\u00f6r stil och elegans i centrala G\u00f6teborg. L\u00e4s om v\u00e5r kl\u00e4dkod och boka direkt till b\u00e4sta pris.","robots":{"index":"noindex","follow":"follow"},"og_locale":"sv_SE","og_type":"article","og_title":"Dresscode \u2013 Kl\u00e4dkod p\u00e5 Hotel Pigalle G\u00f6teborg","og_description":"V\u00e4lkommen till Hotel Pigalle \u2013 ett boutiquehotell med k\u00e4nsla f\u00f6r stil och elegans i centrala G\u00f6teborg. L\u00e4s om v\u00e5r kl\u00e4dkod och boka direkt till b\u00e4sta pris.","og_url":"https:\/\/www.hotelpigalle.se\/sv\/dresscode\/","og_site_name":"Hotel Pigalle\u00ae","article_publisher":"https:\/\/www.facebook.com\/hotelpigallegbg\/","article_modified_time":"2026-03-15T10:14:41+00:00","og_image":[{"url":"https:\/\/www.hotelpigalle.se\/wp-content\/uploads\/2018\/08\/dresscode_1-300x280.png","type":"","width":"","height":""}],"twitter_misc":{"Ber\u00e4knad l\u00e4stid":"4 minuter"},"schema":{"@context":"https:\/\/schema.org","@graph":[]}},"_links":{"self":[{"href":"https:\/\/www.hotelpigalle.se\/sv\/wp-json\/wp\/v2\/pages\/4384","targetHints":{"allow":["GET"]}}],"collection":[{"href":"https:\/\/www.hotelpigalle.se\/sv\/wp-json\/wp\/v2\/pages"}],"about":[{"href":"https:\/\/www.hotelpigalle.se\/sv\/wp-json\/wp\/v2\/types\/page"}],"author":[{"embeddable":true,"href":"https:\/\/www.hotelpigalle.se\/sv\/wp-json\/wp\/v2\/users\/12"}],"replies":[{"embeddable":true,"href":"https:\/\/www.hotelpigalle.se\/sv\/wp-json\/wp\/v2\/comments?post=4384"}],"version-history":[{"count":3,"href":"https:\/\/www.hotelpigalle.se\/sv\/wp-json\/wp\/v2\/pages\/4384\/revisions"}],"predecessor-version":[{"id":4387,"href":"https:\/\/www.hotelpigalle.se\/sv\/wp-json\/wp\/v2\/pages\/4384\/revisions\/4387"}],"wp:attachment":[{"href":"https:\/\/www.hotelpigalle.se\/sv\/wp-json\/wp\/v2\/media?parent=4384"}],"curies":[{"name":"wp","href":"https:\/\/api.w.org\/{rel}","templated":true}]}}