{"id":3621,"date":"2020-10-01T15:29:00","date_gmt":"2020-10-01T13:29:00","guid":{"rendered":"https:\/\/www.hotelpigalle.se\/?page_id=3621"},"modified":"2026-04-07T11:56:14","modified_gmt":"2026-04-07T09:56:14","slug":"brunch","status":"publish","type":"page","link":"https:\/\/www.hotelpigalle.se\/sv\/restaurang-bar\/dining\/brunch\/","title":{"rendered":"Brunch"},"content":{"rendered":"<p><div class=\"fusion-fullwidth fullwidth-box fusion-builder-row-1 fusion-flex-container has-pattern-background has-mask-background fusion-parallax-none hundred-percent-fullwidth non-hundred-percent-height-scrolling fusion-custom-z-index\" style=\"--awb-border-radius-top-left:0px;--awb-border-radius-top-right:0px;--awb-border-radius-bottom-right:0px;--awb-border-radius-bottom-left:0px;--awb-z-index:1;--awb-padding-top:2%;--awb-padding-right:4%;--awb-padding-bottom:2%;--awb-padding-left:4%;--awb-padding-top-medium:80px;--awb-padding-bottom-medium:80px;--awb-padding-top-small:0px;--awb-padding-bottom-small:0px;--awb-min-height:65vh;--awb-background-image:linear-gradient(180deg, rgba(0,0,0,0.34) 0%,rgba(0,0,0,0.34) 100%),url(https:\/\/www.hotelpigalle.se\/wp-content\/uploads\/2026\/01\/IMG_0673-scaled.jpg);;--awb-background-size:cover;--awb-flex-wrap:wrap;\" data-preload-img=\"https:\/\/www.hotelpigalle.se\/wp-content\/uploads\/2026\/01\/IMG_0673-scaled.jpg\" ><div class=\"fusion-builder-row fusion-row fusion-flex-align-items-flex-start fusion-flex-justify-content-center fusion-flex-content-wrap\" style=\"width:104% !important;max-width:104% !important;margin-left: calc(-4% \/ 2 );margin-right: calc(-4% \/ 2 );\"><div class=\"fusion-layout-column fusion_builder_column fusion-builder-column-0 fusion_builder_column_3_5 3_5 fusion-flex-column fusion-flex-align-self-stretch\" style=\"--awb-padding-top-small:0px;--awb-padding-bottom-small:0px;--awb-bg-size:cover;--awb-width-large:60%;--awb-margin-top-large:0px;--awb-spacing-right-large:6.4%;--awb-margin-bottom-large:0px;--awb-spacing-left-large:6.4%;--awb-width-medium:100%;--awb-spacing-right-medium:1.92%;--awb-spacing-left-medium:1.92%;--awb-width-small:100%;--awb-margin-top-small:0px;--awb-spacing-right-small:0%;--awb-margin-bottom-small:0px;--awb-spacing-left-small:0%;\"><div class=\"fusion-column-wrapper fusion-column-has-shadow fusion-flex-justify-content-center fusion-content-layout-column\"><div class=\"fusion-title title fusion-title-1 fusion-sep-none fusion-title-center fusion-title-text fusion-title-size-one\" style=\"--awb-text-color:#ffcf06;--awb-margin-top:0px;--awb-margin-bottom:6px;--awb-font-size:12px;\"><h1 class=\"fusion-title-heading title-heading-center fusion-responsive-typography-calculated\" style=\"margin:0;letter-spacing:2px;text-transform:uppercase;font-size:1em;--fontSize:12;--minFontSize:12;line-height:1.4;\">Brunch i G\u00f6teborg<\/h1><\/div><div class=\"fusion-title title fusion-title-2 fusion-sep-none fusion-title-center fusion-title-text fusion-title-size-two\" style=\"--awb-text-color:var(--awb-custom_color_2);--awb-margin-bottom-small:30px;--awb-font-size:3.8em;\"><h2 class=\"fusion-title-heading title-heading-center fusion-responsive-typography-calculated\" style=\"margin:0;font-size:1em;--fontSize:68.97;line-height:1.5;\">BRUNCH<\/h2><\/div><div class=\"fusion-builder-row fusion-builder-row-inner fusion-row fusion-flex-align-items-flex-start fusion-flex-justify-content-center fusion-flex-content-wrap\" style=\"width:104% !important;max-width:104% !important;margin-left: calc(-4% \/ 2 );margin-right: calc(-4% \/ 2 );\"><div class=\"fusion-layout-column fusion_builder_column_inner fusion-builder-nested-column-0 fusion_builder_column_inner_1_3 1_3 fusion-flex-column\" style=\"--awb-bg-size:cover;--awb-width-large:33.333333333333%;--awb-margin-top-large:0px;--awb-spacing-right-large:5.76%;--awb-margin-bottom-large:25px;--awb-spacing-left-large:5.76%;--awb-width-medium:50%;--awb-order-medium:0;--awb-spacing-right-medium:3.84%;--awb-spacing-left-medium:3.84%;--awb-width-small:100%;--awb-order-small:0;--awb-margin-top-small:0px;--awb-spacing-right-small:1.92%;--awb-margin-bottom-small:12px;--awb-spacing-left-small:1.92%;\"><div class=\"fusion-column-wrapper fusion-column-has-shadow fusion-flex-justify-content-flex-start fusion-content-layout-column\"><div style=\"text-align:center;\"><a class=\"fusion-button button-flat fusion-button-default-size button-custom fusion-button-default button-1 fusion-button-span-no fusion-button-default-type\" style=\"--button_accent_color:var(--awb-custom_color_2);--button_border_color:var(--awb-custom_color_2);--button_accent_hover_color:var(--awb-custom_color_1);--button_border_hover_color:var(--awb-custom_color_2);--button_border_width-top:1px;--button_border_width-right:1px;--button_border_width-bottom:1px;--button_border_width-left:1px;--button_gradient_top_color:rgba(255,207,6,0);--button_gradient_bottom_color:rgba(255,207,6,0);--button_gradient_top_color_hover:#ffcf06;--button_gradient_bottom_color_hover:#ffcf06;--button_font_size:20px;--button_typography-font-family:&quot;Canter&quot;;--button_typography-font-style:normal;--button_typography-font-weight:400;--button_margin-top:25px;\" target=\"_self\" id=\"table-reservation-atelier\"><span class=\"fusion-button-text awb-button__text awb-button__text--default\">book a table<\/span><\/a><\/div><div style=\"text-align:center;\"><a class=\"fusion-button button-flat fusion-button-default-size button-custom fusion-button-default button-2 fusion-button-span-no fusion-button-default-type cant-font-size\" style=\"--button_accent_color:var(--awb-custom_color_1);--button_border_color:var(--awb-custom_color_2);--button_accent_hover_color:var(--awb-custom_color_1);--button_border_hover_color:var(--awb-custom_color_2);--button_gradient_top_color:var(--awb-custom_color_2);--button_gradient_bottom_color:var(--awb-custom_color_2);--button_gradient_top_color_hover:var(--awb-custom_color_3);--button_gradient_bottom_color_hover:var(--awb-custom_color_3);--button_font_size:20px;--button_typography-font-family:&quot;Canter&quot;;--button_typography-font-style:normal;--button_typography-font-weight:400;--button_margin-top:25px;\" target=\"_self\" href=\"https:\/\/www.hotelpigalle.se\/wp-content\/uploads\/2025\/08\/Pigalle-Restaurang-Brunch_100ex.pdf\"><span class=\"fusion-button-text awb-button__text awb-button__text--default\">OUR MENU<\/span><\/a><\/div><\/div><\/div><\/div><div id=\"widgetContainer\"><\/div>\n\n<script>\n   document\n       .getElementById(\"table-reservation-atelier\")\n       .addEventListener(\"click\", () => {\n           const config = {};\n           config.widgetContainerId = \"widgetContainer\";\n           config.open = true;\n           config.channelId = \"c1c910e3-2be7-42b3-8091-1edeb7aac34e\";\n           config.languageCulture = \"sv-SE\";\n           config.restaurantId = \"7ec8dd3a-fee3-4ba8-b65d-5907624e6220\";\n           config.singleRestaurant = true;\n           table_reservation_widget.TableReservationWidget({ ...config });\n       });\n<\/script><\/div><\/div><\/div><\/div><div class=\"fusion-fullwidth fullwidth-box fusion-builder-row-2 fusion-flex-container nonhundred-percent-fullwidth non-hundred-percent-height-scrolling\" style=\"--awb-border-radius-top-left:0px;--awb-border-radius-top-right:0px;--awb-border-radius-bottom-right:0px;--awb-border-radius-bottom-left:0px;--awb-padding-top:30px;--awb-padding-bottom:0px;--awb-padding-top-medium:60px;--awb-padding-top-small:39px;--awb-padding-right-small:5%;--awb-padding-bottom-small:0px;--awb-padding-left-small:5%;--awb-background-color:var(--awb-custom_color_1);--awb-flex-wrap:wrap;\" ><div class=\"fusion-builder-row fusion-row fusion-flex-align-items-center fusion-flex-justify-content-center fusion-flex-content-wrap\" style=\"max-width:1320.8px;margin-left: calc(-4% \/ 2 );margin-right: calc(-4% \/ 2 );\"><div class=\"fusion-layout-column fusion_builder_column fusion-builder-column-1 fusion_builder_column_2_5 2_5 fusion-flex-column fusion-flex-align-self-stretch\" style=\"--awb-padding-right:5%;--awb-padding-bottom:50px;--awb-padding-left:5%;--awb-padding-top-small:0px;--awb-padding-bottom-small:0px;--awb-bg-size:cover;--awb-width-large:40%;--awb-margin-top-large:25px;--awb-spacing-right-large:4.8%;--awb-margin-bottom-large:25px;--awb-spacing-left-large:10.8%;--awb-width-medium:50%;--awb-spacing-right-medium:3.84%;--awb-margin-bottom-medium:50px;--awb-spacing-left-medium:8.64%;--awb-width-small:100%;--awb-order-small:1;--awb-margin-top-small:0px;--awb-spacing-right-small:1.92%;--awb-margin-bottom-small:0px;--awb-spacing-left-small:1.92%;\"><div class=\"fusion-column-wrapper fusion-column-has-shadow fusion-flex-justify-content-flex-start fusion-content-layout-column\"><div class=\"fusion-separator fusion-no-small-visibility fusion-no-medium-visibility fusion-full-width-sep\" style=\"align-self: center;margin-left: auto;margin-right: auto;margin-top:8%;width:100%;\"><\/div><div class=\"fusion-separator fusion-no-small-visibility fusion-no-medium-visibility fusion-full-width-sep\" style=\"align-self: center;margin-left: auto;margin-right: auto;margin-top:8%;width:100%;\"><\/div><div class=\"fusion-title title fusion-title-3 fusion-sep-none fusion-title-text fusion-title-size-two\" style=\"--awb-text-color:var(--awb-custom_color_2);--awb-margin-bottom:11%;--awb-margin-bottom-medium:20px;\"><h2 class=\"fusion-title-heading title-heading-left fusion-responsive-typography-calculated\" style=\"margin:0;--fontSize:36.3;line-height:1.5;\">Brunch<\/h2><\/div><div class=\"fusion-text fusion-text-1\"><p><strong><span style=\"color: var(--awb-custom_color_2);\">BRUNCH<\/span><br \/><\/strong><span style=\"color: var(--awb-custom_color_3);\">Upplev G\u00f6teborgs mest omtalade brunch varje l\u00f6rdag och s\u00f6ndag p\u00e5 Restaurang Pigalle.<\/span><\/p>\n<div class=\"page\" title=\"Page 1\">\n<div class=\"section\">\n<div class=\"layoutArea\">\n<div class=\"column\">\n<p style=\"color: var(--awb-custom_color_3);\">Njut av v\u00e5r tolkning av klassiska brunchr\u00e4tter och dj\u00e4rva smakkombinationer i La Belle \u00c9poque-milj\u00f6. Brunchen serveras inledningsvis med sharing p\u00e5 va\u030ara favorit-fo\u0308rra\u0308tter, sen va\u0308ljer ni en varmra\u0308tt var fr\u00e5n menyn och avslutar med en runda (eller fler) till va\u030art gener\u00f6sa dessertbord.<\/p>\n<p style=\"color: var(--awb-custom_color_3);\"><strong style=\"color: var(--awb-custom_color_3);\">Pris:<\/strong><span style=\"color: var(--awb-custom_color_3);\"> 485 SEK\/person<\/span><br \/><strong style=\"color: var(--awb-custom_color_3);\">Plats:<\/strong><span style=\"color: var(--awb-custom_color_3);\"> Restaurang Pigalle, 4e v\u00e5ningen<\/span><\/p>\n<\/div>\n<\/div>\n<\/div>\n<\/div>\n<p><strong style=\"color: var(--awb-custom_color_2);\">\u00d6PPETTIDER<\/strong><br \/><strong style=\"color: var(--awb-custom_color_3);\">L\u00f6rdag &#8211; S\u00f6ndag<\/strong><span style=\"color: var(--awb-custom_color_3);\"> 12.00-15.00<br \/><\/span><strong style=\"color: var(--awb-custom_color_3);\">\u00d6ppet kl. 12.00\u201315.00, m\u00e5ndag 6 april <\/strong><em><span style=\"color: var(--awb-custom_color_3);\">(extra\u00f6ppet under p\u00e5skhelgen).<\/span><\/em><\/p>\n<p><i><span style=\"color: var(--awb-custom_color_3);\">Uts\u00f6kta cocktails fr\u00e5n Bar Pigalle serveras hela dagen och l\u00e5ngt in p\u00e5 kv\u00e4llen.<\/span><\/i><\/p>\n<\/div><\/div><\/div><div class=\"fusion-layout-column fusion_builder_column fusion-builder-column-2 fusion_builder_column_1_2 1_2 fusion-flex-column\" style=\"--awb-bg-size:cover;--awb-width-large:50%;--awb-margin-top-large:25px;--awb-spacing-right-large:3.84%;--awb-margin-bottom-large:25px;--awb-spacing-left-large:3.84%;--awb-width-medium:50%;--awb-order-medium:0;--awb-spacing-right-medium:3.84%;--awb-spacing-left-medium:3.84%;--awb-width-small:100%;--awb-order-small:2;--awb-spacing-right-small:1.92%;--awb-spacing-left-small:1.92%;\"><div class=\"fusion-column-wrapper fusion-column-has-shadow fusion-flex-justify-content-flex-start fusion-content-layout-column\"><div class=\"fusion-image-element \" style=\"--awb-aspect-ratio: 100 \/ 100;--awb-object-position:46% 87%;--awb-caption-title-font-family:var(--h2_typography-font-family);--awb-caption-title-font-weight:var(--h2_typography-font-weight);--awb-caption-title-font-style:var(--h2_typography-font-style);--awb-caption-title-size:var(--h2_typography-font-size);--awb-caption-title-transform:var(--h2_typography-text-transform);--awb-caption-title-line-height:var(--h2_typography-line-height);--awb-caption-title-letter-spacing:var(--h2_typography-letter-spacing);\"><span class=\" fusion-imageframe imageframe-none imageframe-1 hover-type-none has-aspect-ratio\"><img decoding=\"async\" width=\"1707\" height=\"2560\" alt=\"Kock p\u00e5 Restaurang Pigalle river parmesan \u00f6ver rostad sm\u00f6rg\u00e5s i varmt restaurangljus\" title=\"Restaurang Pigalle Kock River Parmesan\" src=\"https:\/\/www.hotelpigalle.se\/wp-content\/uploads\/2026\/01\/IMG_0723-scaled.jpg\" data-orig-src=\"https:\/\/www.hotelpigalle.se\/wp-content\/uploads\/2026\/01\/IMG_0723-scaled.jpg\" class=\"lazyload img-responsive wp-image-16584 img-with-aspect-ratio\" data-parent-fit=\"cover\" data-parent-container=\".fusion-image-element\" srcset=\"data:image\/svg+xml,%3Csvg%20xmlns%3D%27http%3A%2F%2Fwww.w3.org%2F2000%2Fsvg%27%20width%3D%271707%27%20height%3D%272560%27%20viewBox%3D%270%200%201707%202560%27%3E%3Crect%20width%3D%271707%27%20height%3D%272560%27%20fill-opacity%3D%220%22%2F%3E%3C%2Fsvg%3E\" data-srcset=\"https:\/\/www.hotelpigalle.se\/wp-content\/uploads\/2026\/01\/IMG_0723-200x300.jpg 200w, https:\/\/www.hotelpigalle.se\/wp-content\/uploads\/2026\/01\/IMG_0723-400x600.jpg 400w, https:\/\/www.hotelpigalle.se\/wp-content\/uploads\/2026\/01\/IMG_0723-600x900.jpg 600w, https:\/\/www.hotelpigalle.se\/wp-content\/uploads\/2026\/01\/IMG_0723-800x1200.jpg 800w, https:\/\/www.hotelpigalle.se\/wp-content\/uploads\/2026\/01\/IMG_0723-1200x1800.jpg 1200w, https:\/\/www.hotelpigalle.se\/wp-content\/uploads\/2026\/01\/IMG_0723-scaled.jpg 1707w\" data-sizes=\"auto\" data-orig-sizes=\"(max-width: 1024px) 100vw, (max-width: 640px) 100vw, 600px\" \/><\/span><\/div><\/div><\/div><\/div><\/div><div class=\"fusion-fullwidth fullwidth-box fusion-builder-row-3 fusion-flex-container nonhundred-percent-fullwidth non-hundred-percent-height-scrolling\" style=\"--awb-border-radius-top-left:0px;--awb-border-radius-top-right:0px;--awb-border-radius-bottom-right:0px;--awb-border-radius-bottom-left:0px;--awb-padding-top:60px;--awb-padding-bottom:60px;--awb-background-color:#1a3526;--awb-flex-wrap:wrap;\" ><div class=\"fusion-builder-row fusion-row fusion-flex-align-items-flex-start fusion-flex-content-wrap\" style=\"max-width:1320.8px;margin-left: calc(-4% \/ 2 );margin-right: calc(-4% \/ 2 );\"><div class=\"fusion-layout-column fusion_builder_column fusion-builder-column-3 fusion_builder_column_1_1 1_1 fusion-flex-column\" style=\"--awb-padding-right:6%;--awb-padding-left:6%;--awb-bg-size:cover;--awb-width-large:100%;--awb-margin-top-large:25px;--awb-spacing-right-large:1.92%;--awb-margin-bottom-large:25px;--awb-spacing-left-large:1.92%;--awb-width-medium:100%;--awb-spacing-right-medium:1.92%;--awb-spacing-left-medium:1.92%;--awb-width-small:100%;--awb-spacing-right-small:1.92%;--awb-spacing-left-small:1.92%;\"><div class=\"fusion-column-wrapper fusion-flex-justify-content-flex-start fusion-content-layout-column\"><div class=\"fusion-title title fusion-title-4 fusion-sep-none fusion-title-center fusion-title-text fusion-title-size-two\" style=\"--awb-text-color:#ffcf06;\"><h2 class=\"fusion-title-heading title-heading-center fusion-responsive-typography-calculated\" style=\"margin:0;--fontSize:36.3;line-height:1.5;\">FAQ<\/h2><\/div><div class=\"accordian fusion-accordian accord\" style=\"--awb-border-size:0px;--awb-icon-size:14px;--awb-content-font-size:18.15px;--awb-icon-alignment:right;--awb-hover-color:#ffffff;--awb-border-color:#ffffff;--awb-background-color:#ffffff;--awb-divider-color:rgba(40,45,51,0.1);--awb-divider-hover-color:rgba(40,45,51,0.1);--awb-icon-color:#ffffff;--awb-title-color:#bab38b;--awb-content-color:#434347;--awb-icon-box-color:#30302f;--awb-toggle-hover-accent-color:#181b20;--awb-title-font-family:&quot;Cheltenham&quot;;--awb-title-font-weight:400;--awb-title-font-style:normal;--awb-title-font-size:18px;--awb-content-font-family:&quot;Cheltenham&quot;;--awb-content-font-style:normal;--awb-content-font-weight:400;\"><div class=\"panel-group fusion-toggle-icon-right fusion-toggle-icon-boxed\" id=\"accordion-3621-1\"><div class=\"fusion-panel panel-default panel-653a9177d03198fe5 fusion-toggle-no-divider fusion-toggle-boxed-mode\"><div class=\"panel-heading\"><h3 class=\"panel-title toggle\" id=\"toggle_653a9177d03198fe5\"><a aria-expanded=\"false\" aria-controls=\"653a9177d03198fe5\" role=\"button\" data-toggle=\"collapse\" data-target=\"#653a9177d03198fe5\" href=\"#653a9177d03198fe5\"><span class=\"fusion-toggle-icon-wrapper\" aria-hidden=\"true\"><i class=\"fa-fusion-box active-icon awb-icon-minus\" aria-hidden=\"true\"><\/i><i class=\"fa-fusion-box inactive-icon awb-icon-plus\" aria-hidden=\"true\"><\/i><\/span><span class=\"fusion-toggle-heading\">N\u00e4r serveras brunchen och vad kostar den?<\/span><\/a><\/h3><\/div><div id=\"653a9177d03198fe5\" class=\"panel-collapse collapse \" aria-labelledby=\"toggle_653a9177d03198fe5\"><div class=\"panel-body toggle-content fusion-clearfix\">Brunchen serveras varje l\u00f6rdag och s\u00f6ndag kl. 12.00-15.00 i <a href=\"\/sv\/restaurang-bar\/dining\/\">Restaurant Pigalle<\/a> p\u00e5 fj\u00e4rde v\u00e5ningen. Priset \u00e4r 485 SEK per person.<\/div><\/div><\/div><div class=\"fusion-panel panel-default panel-96de143b7c0e9394d fusion-toggle-no-divider fusion-toggle-boxed-mode\"><div class=\"panel-heading\"><h3 class=\"panel-title toggle\" id=\"toggle_96de143b7c0e9394d\"><a aria-expanded=\"false\" aria-controls=\"96de143b7c0e9394d\" role=\"button\" data-toggle=\"collapse\" data-target=\"#96de143b7c0e9394d\" href=\"#96de143b7c0e9394d\"><span class=\"fusion-toggle-icon-wrapper\" aria-hidden=\"true\"><i class=\"fa-fusion-box active-icon awb-icon-minus\" aria-hidden=\"true\"><\/i><i class=\"fa-fusion-box inactive-icon awb-icon-plus\" aria-hidden=\"true\"><\/i><\/span><span class=\"fusion-toggle-heading\">Vad ing\u00e5r i brunchen?<\/span><\/a><\/h3><\/div><div id=\"96de143b7c0e9394d\" class=\"panel-collapse collapse \" aria-labelledby=\"toggle_96de143b7c0e9394d\"><div class=\"panel-body toggle-content fusion-clearfix\">Brunchen b\u00f6rjar med sharing av husets favoritf\u00f6rr\u00e4tter, f\u00f6ljt av en varmr\u00e4tt per person fr\u00e5n menyn. Avslutningen sker vid v\u00e5rt gener\u00f6sa dessertbord &#8211; och du \u00e4r v\u00e4lkommen att g\u00e5 tillbaka fler g\u00e5nger.<\/div><\/div><\/div><div class=\"fusion-panel panel-default panel-9855a21e13e3c4baa fusion-toggle-no-divider fusion-toggle-boxed-mode\"><div class=\"panel-heading\"><h3 class=\"panel-title toggle\" id=\"toggle_9855a21e13e3c4baa\"><a aria-expanded=\"false\" aria-controls=\"9855a21e13e3c4baa\" role=\"button\" data-toggle=\"collapse\" data-target=\"#9855a21e13e3c4baa\" href=\"#9855a21e13e3c4baa\"><span class=\"fusion-toggle-icon-wrapper\" aria-hidden=\"true\"><i class=\"fa-fusion-box active-icon awb-icon-minus\" aria-hidden=\"true\"><\/i><i class=\"fa-fusion-box inactive-icon awb-icon-plus\" aria-hidden=\"true\"><\/i><\/span><span class=\"fusion-toggle-heading\">Kan man dricka cocktails under brunchen?<\/span><\/a><\/h3><\/div><div id=\"9855a21e13e3c4baa\" class=\"panel-collapse collapse \" aria-labelledby=\"toggle_9855a21e13e3c4baa\"><div class=\"panel-body toggle-content fusion-clearfix\">Ja, uts\u00f6kta cocktails serveras hela dagen och l\u00e5ngt in p\u00e5 kv\u00e4llen. Du hittar hela dryckesmenyn hos oss i <a href=\"\/sv\/restaurang-bar\/bar\/\">Bar Pigalle<\/a>, som h\u00e5ller \u00f6ppet efter att brunchen \u00e4r slut.<\/div><\/div><\/div><div class=\"fusion-panel panel-default panel-49772dea769c6795d fusion-toggle-no-divider fusion-toggle-boxed-mode\"><div class=\"panel-heading\"><h3 class=\"panel-title toggle\" id=\"toggle_49772dea769c6795d\"><a aria-expanded=\"false\" aria-controls=\"49772dea769c6795d\" role=\"button\" data-toggle=\"collapse\" data-target=\"#49772dea769c6795d\" href=\"#49772dea769c6795d\"><span class=\"fusion-toggle-icon-wrapper\" aria-hidden=\"true\"><i class=\"fa-fusion-box active-icon awb-icon-minus\" aria-hidden=\"true\"><\/i><i class=\"fa-fusion-box inactive-icon awb-icon-plus\" aria-hidden=\"true\"><\/i><\/span><span class=\"fusion-toggle-heading\">Hur bokar jag bord till brunchen?<\/span><\/a><\/h3><\/div><div id=\"49772dea769c6795d\" class=\"panel-collapse collapse \" aria-labelledby=\"toggle_49772dea769c6795d\"><div class=\"panel-body toggle-content fusion-clearfix\">\n<p>Du bokar enkelt bord via bokningsknappen p\u00e5 sidan,&nbsp;Vi rekommenderar att boka i f\u00f6rv\u00e4g eftersom brunchen \u00e4r popul\u00e4r och platserna \u00e4r begr\u00e4nsade.<\/p>\n<\/div><\/div><\/div><div class=\"fusion-panel panel-default panel-ccd1a3ab818cf2a00 fusion-toggle-no-divider fusion-toggle-boxed-mode\"><div class=\"panel-heading\"><h3 class=\"panel-title toggle\" id=\"toggle_ccd1a3ab818cf2a00\"><a aria-expanded=\"false\" aria-controls=\"ccd1a3ab818cf2a00\" role=\"button\" data-toggle=\"collapse\" data-target=\"#ccd1a3ab818cf2a00\" href=\"#ccd1a3ab818cf2a00\"><span class=\"fusion-toggle-icon-wrapper\" aria-hidden=\"true\"><i class=\"fa-fusion-box active-icon awb-icon-minus\" aria-hidden=\"true\"><\/i><i class=\"fa-fusion-box inactive-icon awb-icon-plus\" aria-hidden=\"true\"><\/i><\/span><span class=\"fusion-toggle-heading\">Serverar ni \u00e4ven frukost p\u00e5 Hotel Pigalle?<\/span><\/a><\/h3><\/div><div id=\"ccd1a3ab818cf2a00\" class=\"panel-collapse collapse \" aria-labelledby=\"toggle_ccd1a3ab818cf2a00\"><div class=\"panel-body toggle-content fusion-clearfix\">Ja, ut\u00f6ver helgbrunchen serverar vi frukost dagligen. Du hittar all information om \u00f6ppettider och vad som ing\u00e5r p\u00e5 v\u00e5r <a href=\"\/sv\/restaurang-bar\/dining\/frukost\/\">frukostsida<\/a>.<\/div><\/div><\/div><\/div><\/div><\/div><\/div><\/div><\/div><\/p>\n","protected":false},"excerpt":{"rendered":"","protected":false},"author":12,"featured_media":0,"parent":3432,"menu_order":0,"comment_status":"closed","ping_status":"closed","template":"100-width.php","meta":{"_acf_changed":false,"inline_featured_image":false,"footnotes":""},"class_list":["post-3621","page","type-page","status-publish","hentry"],"acf":[],"yoast_head":"<!-- This site is optimized with the Yoast SEO plugin v27.1.1 - https:\/\/yoast.com\/product\/yoast-seo-wordpress\/ -->\n<title>Brunch i G\u00f6teborg | Restaurang Pigalle \u2013 Hotel Pigalle<\/title>\n<meta name=\"description\" content=\"Njut av brunch p\u00e5 Restaurang Pigalle i centrala G\u00f6teborg. Smakrika r\u00e4tter i La Belle \u00c9poque-milj\u00f6. Boka ditt bord direkt f\u00f6r b\u00e4sta pris!\" \/>\n<meta name=\"robots\" content=\"index, follow, max-snippet:-1, max-image-preview:large, max-video-preview:-1\" \/>\n<link rel=\"canonical\" href=\"https:\/\/www.hotelpigalle.se\/sv\/restaurang-bar\/dining\/brunch\/\" \/>\n<meta property=\"og:locale\" content=\"sv_SE\" \/>\n<meta property=\"og:type\" content=\"article\" \/>\n<meta property=\"og:title\" content=\"Brunch i G\u00f6teborg | Restaurang Pigalle \u2013 Hotel Pigalle\" \/>\n<meta property=\"og:description\" content=\"Njut av brunch p\u00e5 Restaurang Pigalle i centrala G\u00f6teborg. Smakrika r\u00e4tter i La Belle \u00c9poque-milj\u00f6. Boka ditt bord direkt f\u00f6r b\u00e4sta pris!\" \/>\n<meta property=\"og:url\" content=\"https:\/\/www.hotelpigalle.se\/sv\/restaurang-bar\/dining\/brunch\/\" \/>\n<meta property=\"og:site_name\" content=\"Hotel Pigalle\u00ae\" \/>\n<meta property=\"article:publisher\" content=\"https:\/\/www.facebook.com\/hotelpigallegbg\/\" \/>\n<meta property=\"article:modified_time\" content=\"2026-04-07T09:56:14+00:00\" \/>\n<meta property=\"og:image\" content=\"https:\/\/www.hotelpigalle.se\/wp-content\/uploads\/2025\/10\/Restaurant_pigalle2-1024x683.jpg\" \/>\n\t<meta property=\"og:image:width\" content=\"1024\" \/>\n\t<meta property=\"og:image:height\" content=\"683\" \/>\n\t<meta property=\"og:image:type\" content=\"image\/jpeg\" \/>\n<meta name=\"twitter:label1\" content=\"Ber\u00e4knad l\u00e4stid\" \/>\n\t<meta name=\"twitter:data1\" content=\"9 minuter\" \/>\n<!-- \/ Yoast SEO plugin. -->","yoast_head_json":{"title":"Brunch i G\u00f6teborg | Restaurang Pigalle \u2013 Hotel Pigalle","description":"Njut av brunch p\u00e5 Restaurang Pigalle i centrala G\u00f6teborg. Smakrika r\u00e4tter i La Belle \u00c9poque-milj\u00f6. Boka ditt bord direkt f\u00f6r b\u00e4sta pris!","robots":{"index":"index","follow":"follow","max-snippet":"max-snippet:-1","max-image-preview":"max-image-preview:large","max-video-preview":"max-video-preview:-1"},"canonical":"https:\/\/www.hotelpigalle.se\/sv\/restaurang-bar\/dining\/brunch\/","og_locale":"sv_SE","og_type":"article","og_title":"Brunch i G\u00f6teborg | Restaurang Pigalle \u2013 Hotel Pigalle","og_description":"Njut av brunch p\u00e5 Restaurang Pigalle i centrala G\u00f6teborg. Smakrika r\u00e4tter i La Belle \u00c9poque-milj\u00f6. Boka ditt bord direkt f\u00f6r b\u00e4sta pris!","og_url":"https:\/\/www.hotelpigalle.se\/sv\/restaurang-bar\/dining\/brunch\/","og_site_name":"Hotel Pigalle\u00ae","article_publisher":"https:\/\/www.facebook.com\/hotelpigallegbg\/","article_modified_time":"2026-04-07T09:56:14+00:00","og_image":[{"width":1024,"height":683,"url":"https:\/\/www.hotelpigalle.se\/wp-content\/uploads\/2025\/10\/Restaurant_pigalle2-1024x683.jpg","type":"image\/jpeg"}],"twitter_misc":{"Ber\u00e4knad l\u00e4stid":"9 minuter"},"schema":{"@context":"https:\/\/schema.org","@graph":[]}},"_links":{"self":[{"href":"https:\/\/www.hotelpigalle.se\/sv\/wp-json\/wp\/v2\/pages\/3621","targetHints":{"allow":["GET"]}}],"collection":[{"href":"https:\/\/www.hotelpigalle.se\/sv\/wp-json\/wp\/v2\/pages"}],"about":[{"href":"https:\/\/www.hotelpigalle.se\/sv\/wp-json\/wp\/v2\/types\/page"}],"author":[{"embeddable":true,"href":"https:\/\/www.hotelpigalle.se\/sv\/wp-json\/wp\/v2\/users\/12"}],"replies":[{"embeddable":true,"href":"https:\/\/www.hotelpigalle.se\/sv\/wp-json\/wp\/v2\/comments?post=3621"}],"version-history":[{"count":173,"href":"https:\/\/www.hotelpigalle.se\/sv\/wp-json\/wp\/v2\/pages\/3621\/revisions"}],"predecessor-version":[{"id":17768,"href":"https:\/\/www.hotelpigalle.se\/sv\/wp-json\/wp\/v2\/pages\/3621\/revisions\/17768"}],"up":[{"embeddable":true,"href":"https:\/\/www.hotelpigalle.se\/sv\/wp-json\/wp\/v2\/pages\/3432"}],"wp:attachment":[{"href":"https:\/\/www.hotelpigalle.se\/sv\/wp-json\/wp\/v2\/media?parent=3621"}],"curies":[{"name":"wp","href":"https:\/\/api.w.org\/{rel}","templated":true}]}}