{"id":3616,"date":"2020-10-01T15:26:34","date_gmt":"2020-10-01T13:26:34","guid":{"rendered":"https:\/\/www.hotelpigalle.se\/?page_id=3616"},"modified":"2026-05-04T09:40:19","modified_gmt":"2026-05-04T07:40:19","slug":"lunch","status":"publish","type":"page","link":"https:\/\/www.hotelpigalle.se\/sv\/restaurang-bar\/dining\/lunch\/","title":{"rendered":"Lunch"},"content":{"rendered":"<p><div class=\"fusion-fullwidth fullwidth-box fusion-builder-row-1 fusion-flex-container fusion-parallax-none nonhundred-percent-fullwidth non-hundred-percent-height-scrolling lazyload fusion-custom-z-index\" style=\"--awb-border-radius-top-left:0px;--awb-border-radius-top-right:0px;--awb-border-radius-bottom-right:0px;--awb-border-radius-bottom-left:0px;--awb-z-index:1;--awb-padding-top:178px;--awb-padding-right:5%;--awb-padding-bottom:115px;--awb-padding-left:5%;--awb-padding-top-small:43px;--awb-padding-right-small:8%;--awb-padding-bottom-small:28px;--awb-padding-left-small:8%;--awb-background-image:linear-gradient(180deg, rgba(24,27,32,0.37) 0%,rgba(24,27,32,0.37) 100%);;--awb-background-size:cover;--awb-flex-wrap:wrap;\" data-bg=\"https:\/\/www.hotelpigalle.se\/wp-content\/uploads\/2025\/07\/pigalle-livekitchen.jpg\" data-bg-gradient=\"linear-gradient(180deg, rgba(24,27,32,0.37) 0%,rgba(24,27,32,0.37) 100%)\" ><div class=\"fusion-builder-row fusion-row fusion-flex-align-items-center fusion-flex-align-content-center fusion-flex-justify-content-center fusion-flex-content-wrap\" style=\"max-width:1320.8px;margin-left: calc(-4% \/ 2 );margin-right: calc(-4% \/ 2 );\"><div class=\"fusion-layout-column fusion_builder_column fusion-builder-column-0 fusion_builder_column_1_1 1_1 fusion-flex-column fusion-animated\" style=\"--awb-padding-right:0%;--awb-padding-right-medium:0px;--awb-bg-size:cover;--awb-width-large:100%;--awb-margin-top-large:25px;--awb-spacing-right-large:3.84%;--awb-margin-bottom-large:0px;--awb-spacing-left-large:3.84%;--awb-width-medium:60%;--awb-order-medium:0;--awb-spacing-right-medium:0%;--awb-margin-bottom-medium:12px;--awb-spacing-left-medium:6.4%;--awb-width-small:100%;--awb-order-small:0;--awb-margin-top-small:25%;--awb-spacing-right-small:1.92%;--awb-spacing-left-small:1.92%;\" data-animationType=\"fadeIn\" data-animationDuration=\"0.8\" data-animationOffset=\"top-into-view\" data-scroll-devices=\"small-visibility,medium-visibility,large-visibility\"><div class=\"fusion-column-wrapper fusion-column-has-shadow fusion-flex-justify-content-flex-start fusion-content-layout-column\"><div class=\"fusion-title title fusion-title-1 fusion-sep-none fusion-title-center fusion-title-text fusion-title-size-one\" style=\"--awb-text-color:#ffcf06;--awb-margin-top:0px;--awb-margin-bottom:6px;--awb-font-size:12px;\"><h1 class=\"fusion-title-heading title-heading-center fusion-responsive-typography-calculated\" style=\"margin:0;letter-spacing:2px;text-transform:uppercase;font-size:1em;--fontSize:12;--minFontSize:12;line-height:1.4;\">Lunch i G\u00f6teborg<\/h1><\/div><div class=\"fusion-title title fusion-title-2 fusion-sep-none fusion-title-center fusion-title-text fusion-title-size-two\" style=\"--awb-text-color:var(--awb-custom_color_2);--awb-margin-bottom:10px;--awb-margin-bottom-small:0px;--awb-font-size:55px;\"><h2 class=\"fusion-title-heading title-heading-center fusion-responsive-typography-calculated\" style=\"margin:0;font-size:1em;--fontSize:55;line-height:1.2;\">LUNCH<\/h2><\/div><div class=\"fusion-text fusion-text-1 fusion-text-no-margin\" style=\"--awb-content-alignment:center;--awb-text-color:var(--awb-custom_color_3);--awb-margin-top:15px;--awb-margin-bottom:20px;\"><p><strong data-start=\"36\" data-end=\"100\">Lunch i centrala G\u00f6teborg serveras p\u00e5 Restaurang Pigalle m\u00e5ndag till fredag, 11:30 till 14:00.<\/strong><br data-start=\"100\" data-end=\"103\">V\u00e4lj mellan noggrant tillagad fisk, k\u00f6tt och vegetariska alternativ, alla med en genuin fransk touch inspirerad av 1920-talets Paris.<\/p>\n<\/div><div style=\"text-align:center;\"><a class=\"fusion-button button-flat fusion-button-default-size button-custom fusion-button-default button-1 fusion-button-span-no fusion-button-default-type\" style=\"--button_accent_color:var(--awb-custom_color_2);--button_border_color:var(--awb-custom_color_2);--button_accent_hover_color:var(--awb-custom_color_1);--button_border_hover_color:var(--awb-custom_color_2);--button_border_width-top:1px;--button_border_width-right:1px;--button_border_width-bottom:1px;--button_border_width-left:1px;--button_gradient_top_color:rgba(255,207,6,0);--button_gradient_bottom_color:rgba(255,207,6,0);--button_gradient_top_color_hover:#ffcf06;--button_gradient_bottom_color_hover:#ffcf06;--button_font_size:20px;--button_typography-font-family:&quot;Canter&quot;;--button_typography-font-style:normal;--button_typography-font-weight:400;--button_margin-top:25px;\" target=\"_self\" href=\"#lunch-menu\" id=\"table-reservation-atelier\"><span class=\"fusion-button-text awb-button__text awb-button__text--default\">WEEKLY MENU<\/span><\/a><\/div><\/div><\/div><\/div><\/div><div id=\"lunch-menu\" class=\"fusion-container-anchor\"><div class=\"fusion-fullwidth fullwidth-box fusion-builder-row-2 fusion-flex-container nonhundred-percent-fullwidth non-hundred-percent-height-scrolling fusion-custom-z-index\" style=\"--awb-border-radius-top-left:0px;--awb-border-radius-top-right:0px;--awb-border-radius-bottom-right:0px;--awb-border-radius-bottom-left:0px;--awb-z-index:1;--awb-padding-top:40px;--awb-padding-bottom:40px;--awb-margin-bottom-small:0px;--awb-background-color:var(--awb-custom_color_1);--awb-flex-wrap:wrap;\" ><div class=\"fusion-builder-row fusion-row fusion-flex-align-items-center fusion-flex-justify-content-center fusion-flex-content-wrap\" style=\"max-width:1320.8px;margin-left: calc(-4% \/ 2 );margin-right: calc(-4% \/ 2 );\"><div class=\"fusion-layout-column fusion_builder_column fusion-builder-column-1 fusion_builder_column_1_1 1_1 fusion-flex-column fusion-animated\" style=\"--awb-padding-top:39px;--awb-padding-right:0%;--awb-padding-bottom:70px;--awb-padding-right-medium:0px;--awb-bg-color:var(--awb-custom_color_4);--awb-bg-color-hover:var(--awb-custom_color_4);--awb-bg-size:cover;--awb-width-large:100%;--awb-margin-top-large:25px;--awb-spacing-right-large:3.84%;--awb-margin-bottom-large:0px;--awb-spacing-left-large:3.84%;--awb-width-medium:100%;--awb-order-medium:0;--awb-spacing-right-medium:0%;--awb-margin-bottom-medium:12px;--awb-spacing-left-medium:0%;--awb-width-small:100%;--awb-order-small:0;--awb-spacing-right-small:1.92%;--awb-spacing-left-small:1.92%;\" data-animationType=\"fadeIn\" data-animationDuration=\"0.8\" data-animationOffset=\"top-into-view\" data-scroll-devices=\"small-visibility,medium-visibility,large-visibility\"><div class=\"fusion-column-wrapper fusion-column-has-shadow fusion-flex-justify-content-flex-start fusion-content-layout-column\"><div class=\"fusion-text fusion-text-2 fusion-text-no-margin\" style=\"--awb-content-alignment:center;--awb-letter-spacing:7px;--awb-text-color:var(--awb-custom_color_2);--awb-margin-top:35px;--awb-margin-bottom:2px;--awb-text-font-family:&quot;Canter&quot;;--awb-text-font-style:normal;--awb-text-font-weight:400;\"><p>\u00d6ppettider: 11:30 till 14:00, m\u00e5ndag till fredag<\/p>\n<\/div><div class=\"fusion-title title fusion-title-3 fusion-sep-none fusion-title-center fusion-title-text fusion-title-size-three\" style=\"--awb-text-color:var(--awb-custom_color_2);--awb-margin-bottom:10px;--awb-margin-bottom-small:0px;--awb-font-size:55px;\"><h3 class=\"fusion-title-heading title-heading-center fusion-responsive-typography-calculated\" style=\"margin:0;font-size:1em;--fontSize:55;line-height:1.2;\">LUNCH V.19<\/h3><\/div><div style=\"text-align:center;\"><a class=\"fusion-button button-flat fusion-button-default-size button-custom fusion-button-default button-2 fusion-button-span-no fusion-button-default-type cant-font-size\" style=\"--button_accent_color:var(--awb-custom_color_1);--button_border_color:var(--awb-custom_color_2);--button_accent_hover_color:var(--awb-custom_color_1);--button_border_hover_color:var(--awb-custom_color_2);--button_gradient_top_color:var(--awb-custom_color_2);--button_gradient_bottom_color:var(--awb-custom_color_2);--button_gradient_top_color_hover:var(--awb-custom_color_2);--button_gradient_bottom_color_hover:var(--awb-custom_color_2);--button_font_size:20px;--button_typography-font-family:&quot;Canter&quot;;--button_typography-font-style:normal;--button_typography-font-weight:400;--button_margin-top:15px;--button_margin-bottom:25px;\" target=\"_self\" id=\"table-reservation-atelier3\"><span class=\"fusion-button-text awb-button__text awb-button__text--default\">table reservation<\/span><\/a><\/div><div id=\"widgetContainer\"><\/div>\n\n<script>\n   document\n       .getElementById(\"table-reservation-atelier3\")\n       .addEventListener(\"click\", () => {\n           const config = {};\n           config.widgetContainerId = \"widgetContainer\";\n           config.open = true;\n           config.channelId = \"c1c910e3-2be7-42b3-8091-1edeb7aac34e\";\n           config.languageCulture = \"sv-SE\";\n           config.restaurantId = \"7ec8dd3a-fee3-4ba8-b65d-5907624e6220\";\n           config.singleRestaurant = true;\n           table_reservation_widget.TableReservationWidget({ ...config });\n       });\n<\/script><div class=\"fusion-text fusion-text-3 fusion-text-no-margin\" style=\"--awb-content-alignment:center;--awb-text-color:var(--awb-custom_color_3);--awb-margin-top:15px;--awb-margin-bottom:20px;\"><p data-start=\"117\" data-end=\"202\"><strong style=\"color: var(--awb-custom_color_2);\" data-start=\"117\" data-end=\"127\">DAGENS LUNCH P\u00c5 RESTAURANG PIGALLE, 195:-<br \/><\/strong><em><span style=\"color: var(--awb-custom_color_2);\">Inkluderar en aptitretare, kaffe och kaka<\/span><\/em><\/p>\n<p data-start=\"79\" data-end=\"157\">M\u00c5NDAG<br \/>Nattbakad fl\u00e4skkotlett med variation p\u00e5 blomk\u00e5l, socker\u00e4rtor och sm\u00f6rad kycklingsky<\/p>\n<p data-start=\"79\" data-end=\"157\">TISDAG<br \/>Panerad kolja med myntakrossade \u00e4rtor, pommes frites och citron<\/p>\n<p data-start=\"79\" data-end=\"157\">ONSDAG<br \/>Stekt hanger steak med rostad potatis, persiljerotspur\u00e9, bakad l\u00f6k och chimichurri<\/p>\n<p data-start=\"79\" data-end=\"157\">TORSDAG<br \/>Fiskgryta med rouille, krutonger, r\u00e4kor och rotfrukter<\/p>\n<p data-start=\"79\" data-end=\"157\">FREDAG<br \/>Kycklingschnitzel med r\u00f6dvinssky, \u00f6rtsm\u00f6r, gr\u00f6na \u00e4rtor och \u00f6rtkrossad potatis<\/p>\n<p class=\"p3\"><b style=\"color: var(--awb-custom_color_2);\"><br \/>AFF\u00c4RSLUNCH<\/b><\/p>\n<p class=\"p4\"><b>2 r\u00e4tter, 295:-<\/b><br \/>Inkluderar valfri f\u00f6rr\u00e4tt och dagens r\u00e4tt, serverad i v\u00e5r prisbel\u00f6nta restaurangmilj\u00f6.<br \/><b>F\u00f6rr\u00e4tt \u2013 <\/b>Toast skagen, brioche, forellrom, citron &amp; dill<\/p>\n<p class=\"p4\">L\u00e4gg till dessert f\u00f6r <b>45:-<\/b> och v\u00e4lj mellan cr\u00e8me br\u00fbl\u00e9e, hemgjord chokladtryffel eller en kula glass.<br \/><i><\/i><\/p>\n<p class=\"p3\"><b style=\"color: var(--awb-custom_color_2);\"><br \/>ALLTID P\u00c5 MENYN P\u00c5 RESTAURANG PIGALLE<\/b><\/p>\n<p class=\"p3\"><b>ST\u00d6RRE R\u00c4TTER \/ VARMR\u00c4TTER<\/b><\/p>\n<p class=\"p4\">Svamprisotto med skogssvamp, mach\u00e9sallad och parmesan, <strong>195:-<\/strong><br data-start=\"838\" data-end=\"841\">Burrata med gemsallad, chilivin\u00e4grett, tomat och pistage, <strong>175:-<\/strong><br data-start=\"904\" data-end=\"907\">R\u00e4ksallad med handskalade r\u00e4kor, aioli, r\u00e4disa, fris\u00e9sallad, tomat och \u00e4gg, <strong>225:-<\/strong><br data-start=\"988\" data-end=\"991\">Tartar p\u00e5 n\u00f6t med romescokr\u00e4m, fikon, sotad stekl\u00f6k, confiterad \u00e4ggula och pommes, <strong>245:-<\/strong><br data-start=\"1079\" data-end=\"1082\">Pigall\u00e9 steak sandwich med ryggbiff, levainbr\u00f6d, tomat- och l\u00f6krelish, dijonnaise, fris\u00e9sallad och pommes, <strong>265:-<\/strong><br data-start=\"1194\" data-end=\"1197\">Sm\u00f6rstekt kolja med potatispur\u00e9, sidfl\u00e4sk, s\u00e4songens prim\u00f6rer, r\u00f6dvinss\u00e5s och dill, <strong>255:-<\/strong><\/p>\n<p class=\"p3\"><b><br \/>DESSERT<\/b><\/p>\n<p class=\"p4\">Cr\u00e8me br\u00fbl\u00e9e, <strong>75:-<\/strong><br data-start=\"1323\" data-end=\"1326\">Hemgjord chokladtryffel, <strong>45:-<\/strong><br data-start=\"1355\" data-end=\"1358\">Jordgubbar med vaniljglass, <strong>95:-<\/strong><br data-start=\"1390\" data-end=\"1393\">Kula glass eller sorbet, <strong>45:-<\/strong><\/p>\n<\/div><\/div><\/div><\/div><\/div><\/div><div class=\"fusion-fullwidth fullwidth-box fusion-builder-row-3 fusion-flex-container nonhundred-percent-fullwidth non-hundred-percent-height-scrolling\" style=\"--awb-border-radius-top-left:0px;--awb-border-radius-top-right:0px;--awb-border-radius-bottom-right:0px;--awb-border-radius-bottom-left:0px;--awb-padding-top:60px;--awb-padding-bottom:60px;--awb-background-color:#1a3526;--awb-flex-wrap:wrap;\" ><div class=\"fusion-builder-row fusion-row fusion-flex-align-items-flex-start fusion-flex-content-wrap\" style=\"max-width:1320.8px;margin-left: calc(-4% \/ 2 );margin-right: calc(-4% \/ 2 );\"><div class=\"fusion-layout-column fusion_builder_column fusion-builder-column-2 fusion_builder_column_1_1 1_1 fusion-flex-column\" style=\"--awb-padding-right:6%;--awb-padding-left:6%;--awb-bg-size:cover;--awb-width-large:100%;--awb-margin-top-large:25px;--awb-spacing-right-large:1.92%;--awb-margin-bottom-large:25px;--awb-spacing-left-large:1.92%;--awb-width-medium:100%;--awb-spacing-right-medium:1.92%;--awb-spacing-left-medium:1.92%;--awb-width-small:100%;--awb-spacing-right-small:1.92%;--awb-spacing-left-small:1.92%;\"><div class=\"fusion-column-wrapper fusion-flex-justify-content-flex-start fusion-content-layout-column\"><div class=\"fusion-title title fusion-title-4 fusion-sep-none fusion-title-center fusion-title-text fusion-title-size-two\" style=\"--awb-text-color:#ffcf06;\"><h2 class=\"fusion-title-heading title-heading-center fusion-responsive-typography-calculated\" style=\"margin:0;--fontSize:36.3;line-height:1.5;\">FAQ<\/h2><\/div><div class=\"accordian fusion-accordian accord\" style=\"--awb-border-size:0px;--awb-icon-size:14px;--awb-content-font-size:18.15px;--awb-icon-alignment:right;--awb-hover-color:#ffffff;--awb-border-color:#ffffff;--awb-background-color:#ffffff;--awb-divider-color:rgba(40,45,51,0.1);--awb-divider-hover-color:rgba(40,45,51,0.1);--awb-icon-color:#ffffff;--awb-title-color:#bab38b;--awb-content-color:#434347;--awb-icon-box-color:#30302f;--awb-toggle-hover-accent-color:#181b20;--awb-title-font-family:&quot;Cheltenham&quot;;--awb-title-font-weight:400;--awb-title-font-style:normal;--awb-title-font-size:18px;--awb-content-font-family:&quot;Cheltenham&quot;;--awb-content-font-style:normal;--awb-content-font-weight:400;\"><div class=\"panel-group fusion-toggle-icon-right fusion-toggle-icon-boxed\" id=\"accordion-3616-1\"><div class=\"fusion-panel panel-default panel-360368a09368dcb06 fusion-toggle-no-divider fusion-toggle-boxed-mode\"><div class=\"panel-heading\"><h3 class=\"panel-title toggle\" id=\"toggle_360368a09368dcb06\"><a aria-expanded=\"false\" aria-controls=\"360368a09368dcb06\" role=\"button\" data-toggle=\"collapse\" data-target=\"#360368a09368dcb06\" href=\"#360368a09368dcb06\"><span class=\"fusion-toggle-icon-wrapper\" aria-hidden=\"true\"><i class=\"fa-fusion-box active-icon awb-icon-minus\" aria-hidden=\"true\"><\/i><i class=\"fa-fusion-box inactive-icon awb-icon-plus\" aria-hidden=\"true\"><\/i><\/span><span class=\"fusion-toggle-heading\">N\u00e4r serveras lunch p\u00e5 Restaurang Pigalle?<\/span><\/a><\/h3><\/div><div id=\"360368a09368dcb06\" class=\"panel-collapse collapse \" aria-labelledby=\"toggle_360368a09368dcb06\"><div class=\"panel-body toggle-content fusion-clearfix\">Lunchen serveras m\u00e5ndag till fredag fr\u00e5n 11:30 till 14:00. Vi erbjuder en daglig lunch f\u00f6r 195 kr samt en aff\u00e4rslunch med tv\u00e5 r\u00e4tter f\u00f6r 295 kr &#8211; du kan \u00e4ven l\u00e4gga till dessert f\u00f6r 45 kr extra.<\/div><\/div><\/div><div class=\"fusion-panel panel-default panel-b8427d872e8629c3d fusion-toggle-no-divider fusion-toggle-boxed-mode\"><div class=\"panel-heading\"><h3 class=\"panel-title toggle\" id=\"toggle_b8427d872e8629c3d\"><a aria-expanded=\"false\" aria-controls=\"b8427d872e8629c3d\" role=\"button\" data-toggle=\"collapse\" data-target=\"#b8427d872e8629c3d\" href=\"#b8427d872e8629c3d\"><span class=\"fusion-toggle-icon-wrapper\" aria-hidden=\"true\"><i class=\"fa-fusion-box active-icon awb-icon-minus\" aria-hidden=\"true\"><\/i><i class=\"fa-fusion-box inactive-icon awb-icon-plus\" aria-hidden=\"true\"><\/i><\/span><span class=\"fusion-toggle-heading\">Finns det ett vegetariskt alternativ p\u00e5 lunchmenyn?<\/span><\/a><\/h3><\/div><div id=\"b8427d872e8629c3d\" class=\"panel-collapse collapse \" aria-labelledby=\"toggle_b8427d872e8629c3d\"><div class=\"panel-body toggle-content fusion-clearfix\">Ja, varje vecka finns ett vegetariskt alternativ bland dagens r\u00e4tter, till exempel svamprisotto med skogssvamp, m\u00e2chesallad och parmesan f\u00f6r 195 kr. Menyn roterar veckovis och har alltid en fransk touch. Du kan ocks\u00e5 utforska hela v\u00e5rt <a href=\"\/sv\/restaurang-bar\/dining\/\">restaurangutbud p\u00e5 Restaurang Pigalle<\/a> f\u00f6r fler alternativ.<\/div><\/div><\/div><div class=\"fusion-panel panel-default panel-25a2f7c9e196014a2 fusion-toggle-no-divider fusion-toggle-boxed-mode\"><div class=\"panel-heading\"><h3 class=\"panel-title toggle\" id=\"toggle_25a2f7c9e196014a2\"><a aria-expanded=\"false\" aria-controls=\"25a2f7c9e196014a2\" role=\"button\" data-toggle=\"collapse\" data-target=\"#25a2f7c9e196014a2\" href=\"#25a2f7c9e196014a2\"><span class=\"fusion-toggle-icon-wrapper\" aria-hidden=\"true\"><i class=\"fa-fusion-box active-icon awb-icon-minus\" aria-hidden=\"true\"><\/i><i class=\"fa-fusion-box inactive-icon awb-icon-plus\" aria-hidden=\"true\"><\/i><\/span><span class=\"fusion-toggle-heading\">Serverar ni \u00e4ven brunch och frukost?<\/span><\/a><\/h3><\/div><div id=\"25a2f7c9e196014a2\" class=\"panel-collapse collapse \" aria-labelledby=\"toggle_25a2f7c9e196014a2\"><div class=\"panel-body toggle-content fusion-clearfix\">Ja, ut\u00f6ver lunchen erbjuder vi b\u00e5de <a href=\"\/sv\/restaurang-bar\/dining\/frukost\/\">frukost<\/a> och <a href=\"\/sv\/restaurang-bar\/dining\/brunch\/\">brunch<\/a> p\u00e5 Restaurang Pigalle &#8211; perfekt om du vill njuta av hela dagen hos oss.<\/div><\/div><\/div><\/div><\/div><\/div><\/div><\/div><\/div><\/p>\n","protected":false},"excerpt":{"rendered":"","protected":false},"author":12,"featured_media":0,"parent":3432,"menu_order":0,"comment_status":"closed","ping_status":"closed","template":"100-width.php","meta":{"_acf_changed":false,"inline_featured_image":false,"footnotes":""},"class_list":["post-3616","page","type-page","status-publish","hentry"],"acf":[],"yoast_head":"<!-- This site is optimized with the Yoast SEO plugin v27.1.1 - https:\/\/yoast.com\/product\/yoast-seo-wordpress\/ -->\n<title>Lunch i centrala G\u00f6teborg | Restaurang Pigalle<\/title>\n<meta name=\"description\" content=\"Njut av lunch p\u00e5 Restaurang Pigalle mitt i G\u00f6teborg. Smakfulla r\u00e4tter i en unik milj\u00f6 inspirerad av 1920-talets Paris. Boka ditt bord idag.\" \/>\n<meta name=\"robots\" content=\"index, follow, max-snippet:-1, max-image-preview:large, max-video-preview:-1\" \/>\n<link rel=\"canonical\" href=\"https:\/\/www.hotelpigalle.se\/sv\/restaurang-bar\/dining\/lunch\/\" \/>\n<meta property=\"og:locale\" content=\"sv_SE\" \/>\n<meta property=\"og:type\" content=\"article\" \/>\n<meta property=\"og:title\" content=\"Lunch i centrala G\u00f6teborg | Restaurang Pigalle\" \/>\n<meta property=\"og:description\" content=\"Njut av lunch p\u00e5 Restaurang Pigalle mitt i G\u00f6teborg. Smakfulla r\u00e4tter i en unik milj\u00f6 inspirerad av 1920-talets Paris. Boka ditt bord idag.\" \/>\n<meta property=\"og:url\" content=\"https:\/\/www.hotelpigalle.se\/sv\/restaurang-bar\/dining\/lunch\/\" \/>\n<meta property=\"og:site_name\" content=\"Hotel Pigalle\u00ae\" \/>\n<meta property=\"article:publisher\" content=\"https:\/\/www.facebook.com\/hotelpigallegbg\/\" \/>\n<meta property=\"article:modified_time\" content=\"2026-05-04T07:40:19+00:00\" \/>\n<meta property=\"og:image\" content=\"https:\/\/www.hotelpigalle.se\/wp-content\/uploads\/2025\/10\/Restaurant_pigalle2-1024x683.jpg\" \/>\n\t<meta property=\"og:image:width\" content=\"1024\" \/>\n\t<meta property=\"og:image:height\" content=\"683\" \/>\n\t<meta property=\"og:image:type\" content=\"image\/jpeg\" \/>\n<meta name=\"twitter:label1\" content=\"Ber\u00e4knad l\u00e4stid\" \/>\n\t<meta name=\"twitter:data1\" content=\"2 minuter\" \/>\n<!-- \/ Yoast SEO plugin. -->","yoast_head_json":{"title":"Lunch i centrala G\u00f6teborg | Restaurang Pigalle","description":"Njut av lunch p\u00e5 Restaurang Pigalle mitt i G\u00f6teborg. Smakfulla r\u00e4tter i en unik milj\u00f6 inspirerad av 1920-talets Paris. Boka ditt bord idag.","robots":{"index":"index","follow":"follow","max-snippet":"max-snippet:-1","max-image-preview":"max-image-preview:large","max-video-preview":"max-video-preview:-1"},"canonical":"https:\/\/www.hotelpigalle.se\/sv\/restaurang-bar\/dining\/lunch\/","og_locale":"sv_SE","og_type":"article","og_title":"Lunch i centrala G\u00f6teborg | Restaurang Pigalle","og_description":"Njut av lunch p\u00e5 Restaurang Pigalle mitt i G\u00f6teborg. Smakfulla r\u00e4tter i en unik milj\u00f6 inspirerad av 1920-talets Paris. Boka ditt bord idag.","og_url":"https:\/\/www.hotelpigalle.se\/sv\/restaurang-bar\/dining\/lunch\/","og_site_name":"Hotel Pigalle\u00ae","article_publisher":"https:\/\/www.facebook.com\/hotelpigallegbg\/","article_modified_time":"2026-05-04T07:40:19+00:00","og_image":[{"width":1024,"height":683,"url":"https:\/\/www.hotelpigalle.se\/wp-content\/uploads\/2025\/10\/Restaurant_pigalle2-1024x683.jpg","type":"image\/jpeg"}],"twitter_misc":{"Ber\u00e4knad l\u00e4stid":"2 minuter"},"schema":{"@context":"https:\/\/schema.org","@graph":[]}},"_links":{"self":[{"href":"https:\/\/www.hotelpigalle.se\/sv\/wp-json\/wp\/v2\/pages\/3616","targetHints":{"allow":["GET"]}}],"collection":[{"href":"https:\/\/www.hotelpigalle.se\/sv\/wp-json\/wp\/v2\/pages"}],"about":[{"href":"https:\/\/www.hotelpigalle.se\/sv\/wp-json\/wp\/v2\/types\/page"}],"author":[{"embeddable":true,"href":"https:\/\/www.hotelpigalle.se\/sv\/wp-json\/wp\/v2\/users\/12"}],"replies":[{"embeddable":true,"href":"https:\/\/www.hotelpigalle.se\/sv\/wp-json\/wp\/v2\/comments?post=3616"}],"version-history":[{"count":528,"href":"https:\/\/www.hotelpigalle.se\/sv\/wp-json\/wp\/v2\/pages\/3616\/revisions"}],"predecessor-version":[{"id":17946,"href":"https:\/\/www.hotelpigalle.se\/sv\/wp-json\/wp\/v2\/pages\/3616\/revisions\/17946"}],"up":[{"embeddable":true,"href":"https:\/\/www.hotelpigalle.se\/sv\/wp-json\/wp\/v2\/pages\/3432"}],"wp:attachment":[{"href":"https:\/\/www.hotelpigalle.se\/sv\/wp-json\/wp\/v2\/media?parent=3616"}],"curies":[{"name":"wp","href":"https:\/\/api.w.org\/{rel}","templated":true}]}}