{"id":16074,"date":"2025-11-26T02:04:18","date_gmt":"2025-11-26T01:04:18","guid":{"rendered":"https:\/\/www.hotelpigalle.se\/?page_id=16074"},"modified":"2026-03-15T11:18:25","modified_gmt":"2026-03-15T10:18:25","slug":"suite-celeste","status":"publish","type":"page","link":"https:\/\/www.hotelpigalle.se\/no\/rom\/suite-celeste\/","title":{"rendered":"Suite C\u00e9leste"},"content":{"rendered":"<p><div class=\"fusion-fullwidth fullwidth-box fusion-builder-row-1 fusion-flex-container nonhundred-percent-fullwidth non-hundred-percent-height-scrolling fusion-custom-z-index\" style=\"--awb-border-radius-top-left:0px;--awb-border-radius-top-right:0px;--awb-border-radius-bottom-right:0px;--awb-border-radius-bottom-left:0px;--awb-z-index:9;--awb-padding-top:0px;--awb-padding-right:40px;--awb-padding-bottom:0px;--awb-padding-left:40px;--awb-padding-right-small:0px;--awb-padding-left-small:0px;--awb-background-color:var(--awb-custom_color_1);--awb-flex-wrap:wrap;\" ><div class=\"fusion-builder-row fusion-row fusion-flex-align-items-flex-start fusion-flex-content-wrap\" style=\"max-width:1320.8px;margin-left: calc(-4% \/ 2 );margin-right: calc(-4% \/ 2 );\"><div class=\"fusion-layout-column fusion_builder_column fusion-builder-column-0 fusion_builder_column_1_1 1_1 fusion-flex-column\" style=\"--awb-padding-top:22px;--awb-padding-right:5%;--awb-padding-bottom:22px;--awb-padding-left:5%;--awb-bg-color:var(--awb-custom_color_4);--awb-bg-color-hover:var(--awb-custom_color_4);--awb-bg-size:cover;--awb-width-large:100%;--awb-margin-top-large:-60px;--awb-spacing-right-large:1.92%;--awb-margin-bottom-large:0px;--awb-spacing-left-large:1.92%;--awb-width-medium:100%;--awb-order-medium:1;--awb-margin-top-medium:0px;--awb-spacing-right-medium:1.92%;--awb-spacing-left-medium:1.92%;--awb-width-small:100%;--awb-order-small:1;--awb-margin-top-small:0px;--awb-spacing-right-small:1.92%;--awb-spacing-left-small:1.92%;\"><div class=\"fusion-column-wrapper fusion-column-has-shadow fusion-flex-justify-content-flex-start fusion-content-layout-column\"><div id=\"widgetContainer\">\n<script charset=\"UTF-8\" type=\"text\/javascript\" src=\"\/\/online.bookvisit.com\/Content\/flexwidget\/FlexWidgetFullScripts.min.js\"><\/script>\n\n<script type=\"text\/javascript\" charset=\"UTF-8\">\nvar baseUrl = \"https:\/\/booking.hotelpigalle.se\/v2\/widget\/getwidget\";\n(function($) {\n$.ajax({\ndataType: 'json',\nurl: baseUrl + '?channelId=12819d3f-7dfd-4e84-af78-86529a483adb&openOption=redirect&culture=en-GB&layout=StandardWideCompact&containerId=widgetContainer&displayPromoCode=false&displayCorpCode=false&displayIATACode=false&displayCalendarStartsAtFirstAvailableDay=true&lengthOfStay=1&guestRoomId=7981638a-32b6-44e9-aa8d-ca467af655c0&currency=SEK',\nxhrFields: { withCredentials: true },\nsuccess: function(data) {\n$('#widgetContainer').html(data.Widget);\n}\n});\n})(bvJQuery);\n<\/script>\n\n<\/div><\/div><\/div><\/div><\/div><div class=\"fusion-fullwidth fullwidth-box fusion-builder-row-2 fusion-flex-container nonhundred-percent-fullwidth non-hundred-percent-height-scrolling fusion-custom-z-index\" style=\"--awb-border-radius-top-left:0px;--awb-border-radius-top-right:0px;--awb-border-radius-bottom-right:0px;--awb-border-radius-bottom-left:0px;--awb-z-index:1;--awb-padding-top:40px;--awb-padding-bottom:4%;--awb-background-color:var(--awb-custom_color_1);--awb-flex-wrap:wrap;\" ><div class=\"fusion-builder-row fusion-row fusion-flex-align-items-center fusion-flex-justify-content-center fusion-flex-content-wrap\" style=\"max-width:1320.8px;margin-left: calc(-4% \/ 2 );margin-right: calc(-4% \/ 2 );\"><div class=\"fusion-layout-column fusion_builder_column fusion-builder-column-1 fusion_builder_column_2_5 2_5 fusion-flex-column\" style=\"--awb-bg-size:cover;--awb-width-large:40%;--awb-margin-top-large:25px;--awb-spacing-right-large:11.52%;--awb-margin-bottom-large:25px;--awb-spacing-left-large:4.8%;--awb-width-medium:100%;--awb-margin-top-medium:0px;--awb-spacing-right-medium:1.92%;--awb-margin-bottom-medium:50px;--awb-spacing-left-medium:1.92%;--awb-width-small:100%;--awb-spacing-right-small:1.92%;--awb-spacing-left-small:1.92%;\"><div class=\"fusion-column-wrapper fusion-column-has-shadow fusion-flex-justify-content-center fusion-content-layout-column\"><div class=\"fusion-title title fusion-title-1 fusion-sep-none fusion-title-text fusion-title-size-six\" style=\"--awb-text-color:var(--awb-custom_color_2);--awb-margin-top:0px;--awb-margin-bottom:20px;--awb-margin-bottom-small:20PX;--awb-margin-bottom-medium:20px;\"><h6 class=\"fusion-title-heading title-heading-left fusion-responsive-typography-calculated\" style=\"margin:0;--fontSize:16;--minFontSize:16;line-height:1.2;\">Suite C\u00e9leste<\/h6><\/div><div class=\"fusion-text fusion-text-1\" style=\"--awb-text-color:var(--awb-custom_color_3);\"><p><span class=\"fusion-dropcap dropcap\" style=\"--awb-color:432;\">A<\/span>\u200bet himmelsk fristed. Suite C\u00e9leste er v\u00e5r mest eksklusive innkvartering, G\u00f8teborgs mest eksklusive boutiquesuite, skapt for uforglemmelige opphold. Med romslig planl\u00f8sning, n\u00f8ye kuraterte La Belle \u00c9poque-interi\u00f8rer og en sofistikert atmosf\u00e6re, leverer suiten en virkelig opph\u00f8yet luksusopplevelse i hjertet av G\u00f8teborg. Nyt en luksuri\u00f8s king size-seng, en separat loungedel og h\u00e5ndplukkede detaljer som gjenspeiler Pigalles prisbel\u00f8nte design. En suite for dyp avslapning og stille nytelse, midt i G\u00f8teborgs pulserende sentrum. <\/p>\n<p>Suite C\u00e9leste er ogs\u00e5 tilgjengelig for <a href=\"https:\/\/www.hotelpigalle.se\/no\/feiringer\/\" style=\"color: var(--awb-custom_color_2);\">private feiringer<\/a> \u2013 fra bursdagsfeiringer og utdrikningslag til baby showers og eksklusive intime sammenkomster.<\/p>\n<\/div><div class=\"fusion-separator fusion-no-small-visibility fusion-no-medium-visibility fusion-full-width-sep\" style=\"align-self: center;margin-left: auto;margin-right: auto;margin-top:6%;width:100%;\"><\/div><ul style=\"--awb-iconcolor:var(--awb-custom_color_2);--awb-divider-color:var(--awb-custom_color_2);--awb-textcolor:var(--awb-custom_color_3);--awb-line-height:23.8px;--awb-icon-width:23.8px;--awb-icon-height:23.8px;--awb-icon-margin:9.8px;--awb-content-margin:33.6px;\" class=\"fusion-checklist fusion-checklist-1 fusion-checklist-default fusion-checklist-divider type-icons\"><li class=\"fusion-li-item\" style=\"\"><span class=\"icon-wrapper circle-no\"><i class=\"fusion-li-icon fa-asterisk fas\" aria-hidden=\"true\"><\/i><\/span><div class=\"fusion-li-item-content\">\n<p>43 sqm<\/p>\n<\/div><\/li><li class=\"fusion-li-item\" style=\"\"><span class=\"icon-wrapper circle-no\"><i class=\"fusion-li-icon awb-icon-check\" aria-hidden=\"true\"><\/i><\/span><div class=\"fusion-li-item-content\">Max number of persons: 2 (contact reception to add an extra bed)<\/div><\/li><li class=\"fusion-li-item\" style=\"\"><span class=\"icon-wrapper circle-no\"><i class=\"fusion-li-icon awb-icon-check\" aria-hidden=\"true\"><\/i><\/span><div class=\"fusion-li-item-content\">King-sized bed<\/div><\/li><li class=\"fusion-li-item\" style=\"\"><span class=\"icon-wrapper circle-no\"><i class=\"fusion-li-icon awb-icon-check\" aria-hidden=\"true\"><\/i><\/span><div class=\"fusion-li-item-content\">Comfortable lounge area<\/div><\/li><li class=\"fusion-li-item\" style=\"\"><span class=\"icon-wrapper circle-no\"><i class=\"fusion-li-icon awb-icon-check\" aria-hidden=\"true\"><\/i><\/span><div class=\"fusion-li-item-content\">Closet<\/div><\/li><li class=\"fusion-li-item\" style=\"\"><span class=\"icon-wrapper circle-no\"><i class=\"fusion-li-icon awb-icon-check\" aria-hidden=\"true\"><\/i><\/span><div class=\"fusion-li-item-content\">Iron<\/div><\/li><li class=\"fusion-li-item\" style=\"\"><span class=\"icon-wrapper circle-no\"><i class=\"fusion-li-icon awb-icon-check\" aria-hidden=\"true\"><\/i><\/span><div class=\"fusion-li-item-content\">Ironing board<\/div><\/li><li class=\"fusion-li-item\" style=\"\"><span class=\"icon-wrapper circle-no\"><i class=\"fusion-li-icon awb-icon-check\" aria-hidden=\"true\"><\/i><\/span><div class=\"fusion-li-item-content\">Steamer<\/div><\/li><li class=\"fusion-li-item\" style=\"\"><span class=\"icon-wrapper circle-no\"><i class=\"fusion-li-icon awb-icon-check\" aria-hidden=\"true\"><\/i><\/span><div class=\"fusion-li-item-content\">\n<p>Hairdryer<\/p>\n<\/div><\/li><li class=\"fusion-li-item\" style=\"\"><span class=\"icon-wrapper circle-no\"><i class=\"fusion-li-icon awb-icon-check\" aria-hidden=\"true\"><\/i><\/span><div class=\"fusion-li-item-content\">Coffee machine<\/div><\/li><li class=\"fusion-li-item\" style=\"\"><span class=\"icon-wrapper circle-no\"><i class=\"fusion-li-icon awb-icon-check\" aria-hidden=\"true\"><\/i><\/span><div class=\"fusion-li-item-content\">Bluetooth speaker<\/div><\/li><li class=\"fusion-li-item\" style=\"\"><span class=\"icon-wrapper circle-no\"><i class=\"fusion-li-icon awb-icon-check\" aria-hidden=\"true\"><\/i><\/span><div class=\"fusion-li-item-content\">Shower<\/div><\/li><li class=\"fusion-li-item\" style=\"\"><span class=\"icon-wrapper circle-no\"><i class=\"fusion-li-icon awb-icon-check\" aria-hidden=\"true\"><\/i><\/span><div class=\"fusion-li-item-content\">Flat screen TV<\/div><\/li><li class=\"fusion-li-item\" style=\"\"><span class=\"icon-wrapper circle-no\"><i class=\"fusion-li-icon awb-icon-check\" aria-hidden=\"true\"><\/i><\/span><div class=\"fusion-li-item-content\">Minibar<\/div><\/li><li class=\"fusion-li-item\" style=\"\"><span class=\"icon-wrapper circle-no\"><i class=\"fusion-li-icon awb-icon-check\" aria-hidden=\"true\"><\/i><\/span><div class=\"fusion-li-item-content\">Wake-up service<\/div><\/li><li class=\"fusion-li-item\" style=\"\"><span class=\"icon-wrapper circle-no\"><i class=\"fusion-li-icon awb-icon-check\" aria-hidden=\"true\"><\/i><\/span><div class=\"fusion-li-item-content\">Free WiFi<\/div><\/li><li class=\"fusion-li-item\" style=\"\"><span class=\"icon-wrapper circle-no\"><i class=\"fusion-li-icon awb-icon-check\" aria-hidden=\"true\"><\/i><\/span><div class=\"fusion-li-item-content\">Breakfast service (optional)<\/div><\/li><li class=\"fusion-li-item\" style=\"\"><span class=\"icon-wrapper circle-no\"><i class=\"fusion-li-icon awb-icon-check\" aria-hidden=\"true\"><\/i><\/span><div class=\"fusion-li-item-content\">Safety deposit box<\/div><\/li><li class=\"fusion-li-item\" style=\"\"><span class=\"icon-wrapper circle-no\"><i class=\"fusion-li-icon awb-icon-check\" aria-hidden=\"true\"><\/i><\/span><div class=\"fusion-li-item-content\">Bathrobe<\/div><\/li><li class=\"fusion-li-item\" style=\"\"><span class=\"icon-wrapper circle-no\"><i class=\"fusion-li-icon awb-icon-check\" aria-hidden=\"true\"><\/i><\/span><div class=\"fusion-li-item-content\">Extra bed possible with pre-booking.<\/div><\/li><\/ul><div class=\"fusion-separator fusion-full-width-sep\" style=\"align-self: center;margin-left: auto;margin-right: auto;margin-bottom:50px;width:100%;\"><\/div><div ><a class=\"fusion-button button-flat fusion-button-default-size button-custom fusion-button-default button-1 fusion-button-span-yes fusion-button-default-type cant-font-size\" style=\"--button_accent_color:var(--awb-custom_color_2);--button_border_color:var(--awb-custom_color_2);--button_accent_hover_color:#ffffff;--button_border_hover_color:#ffffff;--button_border_width-top:1px;--button_border_width-right:1px;--button_border_width-bottom:1px;--button_border_width-left:1px;--button_gradient_top_color:rgba(30,59,43,0);--button_gradient_bottom_color:rgba(30,59,43,0);--button_gradient_top_color_hover:rgba(24,27,32,0.92);--button_gradient_bottom_color_hover:rgba(24,27,32,0.92);--button_font_size:20px;--button_typography-font-family:&quot;Canter&quot;;--button_typography-font-style:normal;--button_typography-font-weight:400;\" target=\"_self\" href=\"https:\/\/booking.hotelpigalle.se\/en\/accommodation\/room-details\/suite-celeste\"><span class=\"fusion-button-text awb-button__text awb-button__text--default\">book now<\/span><\/a><\/div><\/div><\/div><div class=\"fusion-layout-column fusion_builder_column fusion-builder-column-2 fusion_builder_column_3_5 3_5 fusion-flex-column\" style=\"--awb-bg-size:cover;--awb-width-large:60%;--awb-margin-top-large:12px;--awb-spacing-right-large:3.2%;--awb-margin-bottom-large:12px;--awb-spacing-left-large:11.52%;--awb-width-medium:100%;--awb-spacing-right-medium:1.92%;--awb-spacing-left-medium:1.92%;--awb-width-small:100%;--awb-spacing-right-small:1.92%;--awb-spacing-left-small:1.92%;\"><div class=\"fusion-column-wrapper fusion-column-has-shadow fusion-flex-justify-content-center fusion-content-layout-column\"><div class=\"fusion-builder-row fusion-builder-row-inner fusion-row fusion-flex-align-items-center fusion-flex-justify-content-center fusion-flex-content-wrap\" style=\"width:104% !important;max-width:104% !important;margin-left: calc(-4% \/ 2 );margin-right: calc(-4% \/ 2 );\"><div class=\"fusion-layout-column fusion_builder_column_inner fusion-builder-nested-column-0 fusion_builder_column_inner_1_2 1_2 fusion-flex-column fusion-flex-align-self-flex-end fusion-column-no-min-height\" style=\"--awb-bg-size:cover;--awb-width-large:50%;--awb-margin-top-large:25px;--awb-spacing-right-large:3.84%;--awb-margin-bottom-large:25px;--awb-spacing-left-large:3.84%;--awb-width-medium:50%;--awb-margin-top-medium:0px;--awb-spacing-right-medium:3.84%;--awb-spacing-left-medium:3.84%;--awb-width-small:50%;--awb-margin-top-small:0px;--awb-spacing-right-small:3.84%;--awb-margin-bottom-small:0px;--awb-spacing-left-small:3.84%;\"><div class=\"fusion-column-wrapper fusion-column-has-shadow fusion-flex-justify-content-flex-end fusion-content-layout-column\"><div class=\"fusion-image-element \" style=\"--awb-caption-title-font-family:var(--h2_typography-font-family);--awb-caption-title-font-weight:var(--h2_typography-font-weight);--awb-caption-title-font-style:var(--h2_typography-font-style);--awb-caption-title-size:var(--h2_typography-font-size);--awb-caption-title-transform:var(--h2_typography-text-transform);--awb-caption-title-line-height:var(--h2_typography-line-height);--awb-caption-title-letter-spacing:var(--h2_typography-letter-spacing);\"><span class=\" fusion-imageframe imageframe-none imageframe-1 hover-type-zoomin\"><a href=\"https:\/\/www.hotelpigalle.se\/wp-content\/uploads\/2020\/10\/suite-celeste-hotel-pigalle-823-925.jpg\" class=\"fusion-lightbox\" data-rel=\"iLightbox[1699c13ac784a3155d9]\" data-title=\"Hotel Pigalle\u00ae Suite Cel\u00e9ste\" title=\"Hotel Pigalle\u00ae Suite Cel\u00e9ste\"><img decoding=\"async\" width=\"823\" height=\"925\" src=\"https:\/\/www.hotelpigalle.se\/wp-content\/uploads\/2020\/10\/suite-celeste-hotel-pigalle-823-925.jpg\" data-orig-src=\"https:\/\/www.hotelpigalle.se\/wp-content\/uploads\/2020\/10\/suite-celeste-hotel-pigalle-823-925.jpg\" alt class=\"lazyload img-responsive wp-image-5272\" srcset=\"data:image\/svg+xml,%3Csvg%20xmlns%3D%27http%3A%2F%2Fwww.w3.org%2F2000%2Fsvg%27%20width%3D%27823%27%20height%3D%27925%27%20viewBox%3D%270%200%20823%20925%27%3E%3Crect%20width%3D%27823%27%20height%3D%27925%27%20fill-opacity%3D%220%22%2F%3E%3C%2Fsvg%3E\" data-srcset=\"https:\/\/www.hotelpigalle.se\/wp-content\/uploads\/2020\/10\/suite-celeste-hotel-pigalle-823-925-200x225.jpg 200w, https:\/\/www.hotelpigalle.se\/wp-content\/uploads\/2020\/10\/suite-celeste-hotel-pigalle-823-925-400x450.jpg 400w, https:\/\/www.hotelpigalle.se\/wp-content\/uploads\/2020\/10\/suite-celeste-hotel-pigalle-823-925-600x674.jpg 600w, https:\/\/www.hotelpigalle.se\/wp-content\/uploads\/2020\/10\/suite-celeste-hotel-pigalle-823-925-800x899.jpg 800w, https:\/\/www.hotelpigalle.se\/wp-content\/uploads\/2020\/10\/suite-celeste-hotel-pigalle-823-925.jpg 823w\" data-sizes=\"auto\" data-orig-sizes=\"(max-width: 1024px) 100vw, (max-width: 640px) 100vw, 600px\" \/><\/a><\/span><\/div><\/div><\/div><div class=\"fusion-layout-column fusion_builder_column_inner fusion-builder-nested-column-1 fusion_builder_column_inner_1_2 1_2 fusion-flex-column fusion-flex-align-self-flex-end fusion-column-no-min-height\" style=\"--awb-padding-top-small:0px;--awb-bg-size:cover;--awb-width-large:50%;--awb-margin-top-large:25px;--awb-spacing-right-large:3.84%;--awb-margin-bottom-large:25px;--awb-spacing-left-large:3.84%;--awb-width-medium:50%;--awb-spacing-right-medium:3.84%;--awb-spacing-left-medium:3.84%;--awb-width-small:50%;--awb-margin-top-small:56px;--awb-spacing-right-small:3.84%;--awb-margin-bottom-small:0px;--awb-spacing-left-small:3.84%;\"><div class=\"fusion-column-wrapper fusion-column-has-shadow fusion-flex-justify-content-flex-end fusion-content-layout-column\"><div class=\"fusion-separator fusion-no-small-visibility fusion-full-width-sep\" style=\"align-self: center;margin-left: auto;margin-right: auto;margin-top:68px;width:100%;\"><\/div><div class=\"fusion-image-element \" style=\"--awb-caption-title-font-family:var(--h2_typography-font-family);--awb-caption-title-font-weight:var(--h2_typography-font-weight);--awb-caption-title-font-style:var(--h2_typography-font-style);--awb-caption-title-size:var(--h2_typography-font-size);--awb-caption-title-transform:var(--h2_typography-text-transform);--awb-caption-title-line-height:var(--h2_typography-line-height);--awb-caption-title-letter-spacing:var(--h2_typography-letter-spacing);\"><span class=\" fusion-imageframe imageframe-none imageframe-2 hover-type-zoomin\"><a href=\"https:\/\/www.hotelpigalle.se\/wp-content\/uploads\/2020\/10\/hotel-pigalle-suite-celeste-825-751.jpg\" class=\"fusion-lightbox\" data-rel=\"iLightbox[6642f8ab92c1c746c73]\" data-title=\"Hotel Pigalle\u00ae Suite Cel\u00e9ste\" title=\"Hotel Pigalle\u00ae Suite Cel\u00e9ste\"><img decoding=\"async\" width=\"823\" height=\"751\" src=\"https:\/\/www.hotelpigalle.se\/wp-content\/uploads\/2020\/10\/hotel-pigalle-suite-celeste-825-751.jpg\" data-orig-src=\"https:\/\/www.hotelpigalle.se\/wp-content\/uploads\/2020\/10\/hotel-pigalle-suite-celeste-825-751.jpg\" alt class=\"lazyload img-responsive wp-image-5273\" srcset=\"data:image\/svg+xml,%3Csvg%20xmlns%3D%27http%3A%2F%2Fwww.w3.org%2F2000%2Fsvg%27%20width%3D%27823%27%20height%3D%27751%27%20viewBox%3D%270%200%20823%20751%27%3E%3Crect%20width%3D%27823%27%20height%3D%27751%27%20fill-opacity%3D%220%22%2F%3E%3C%2Fsvg%3E\" data-srcset=\"https:\/\/www.hotelpigalle.se\/wp-content\/uploads\/2020\/10\/hotel-pigalle-suite-celeste-825-751-200x183.jpg 200w, https:\/\/www.hotelpigalle.se\/wp-content\/uploads\/2020\/10\/hotel-pigalle-suite-celeste-825-751-400x365.jpg 400w, https:\/\/www.hotelpigalle.se\/wp-content\/uploads\/2020\/10\/hotel-pigalle-suite-celeste-825-751-600x548.jpg 600w, https:\/\/www.hotelpigalle.se\/wp-content\/uploads\/2020\/10\/hotel-pigalle-suite-celeste-825-751-800x730.jpg 800w, https:\/\/www.hotelpigalle.se\/wp-content\/uploads\/2020\/10\/hotel-pigalle-suite-celeste-825-751.jpg 823w\" data-sizes=\"auto\" data-orig-sizes=\"(max-width: 1024px) 100vw, (max-width: 640px) 100vw, 600px\" \/><\/a><\/span><\/div><\/div><\/div><div class=\"fusion-layout-column fusion_builder_column_inner fusion-builder-nested-column-2 fusion_builder_column_inner_2_3 2_3 fusion-flex-column fusion-column-no-min-height\" style=\"--awb-bg-size:cover;--awb-width-large:66.666666666667%;--awb-margin-top-large:0px;--awb-spacing-right-large:2.88%;--awb-margin-bottom-large:25px;--awb-spacing-left-large:2.88%;--awb-width-medium:66.666666666667%;--awb-spacing-right-medium:2.88%;--awb-spacing-left-medium:2.88%;--awb-width-small:66.666666666667%;--awb-margin-top-small:20px;--awb-spacing-right-small:2.88%;--awb-margin-bottom-small:0px;--awb-spacing-left-small:2.88%;\"><div class=\"fusion-column-wrapper fusion-column-has-shadow fusion-flex-justify-content-flex-start fusion-content-layout-column\"><div class=\"fusion-image-element \" style=\"--awb-caption-title-font-family:var(--h2_typography-font-family);--awb-caption-title-font-weight:var(--h2_typography-font-weight);--awb-caption-title-font-style:var(--h2_typography-font-style);--awb-caption-title-size:var(--h2_typography-font-size);--awb-caption-title-transform:var(--h2_typography-text-transform);--awb-caption-title-line-height:var(--h2_typography-line-height);--awb-caption-title-letter-spacing:var(--h2_typography-letter-spacing);\"><span class=\" fusion-imageframe imageframe-none imageframe-3 hover-type-zoomin\"><a href=\"https:\/\/www.hotelpigalle.se\/wp-content\/uploads\/2022\/03\/Suite_Celeste_web2022_mvg.jpg\" class=\"fusion-lightbox\" data-rel=\"iLightbox[13e4f1c34bcec59be5e]\" data-title=\"Suite_Celeste_web2022_mvg\" title=\"Suite_Celeste_web2022_mvg\"><img decoding=\"async\" width=\"1000\" height=\"1016\" src=\"https:\/\/www.hotelpigalle.se\/wp-content\/uploads\/2022\/03\/Suite_Celeste_web2022_mvg.jpg\" data-orig-src=\"https:\/\/www.hotelpigalle.se\/wp-content\/uploads\/2022\/03\/Suite_Celeste_web2022_mvg.jpg\" alt class=\"lazyload img-responsive wp-image-7860\" srcset=\"data:image\/svg+xml,%3Csvg%20xmlns%3D%27http%3A%2F%2Fwww.w3.org%2F2000%2Fsvg%27%20width%3D%271000%27%20height%3D%271016%27%20viewBox%3D%270%200%201000%201016%27%3E%3Crect%20width%3D%271000%27%20height%3D%271016%27%20fill-opacity%3D%220%22%2F%3E%3C%2Fsvg%3E\" data-srcset=\"https:\/\/www.hotelpigalle.se\/wp-content\/uploads\/2022\/03\/Suite_Celeste_web2022_mvg-200x203.jpg 200w, https:\/\/www.hotelpigalle.se\/wp-content\/uploads\/2022\/03\/Suite_Celeste_web2022_mvg-400x406.jpg 400w, https:\/\/www.hotelpigalle.se\/wp-content\/uploads\/2022\/03\/Suite_Celeste_web2022_mvg-600x610.jpg 600w, https:\/\/www.hotelpigalle.se\/wp-content\/uploads\/2022\/03\/Suite_Celeste_web2022_mvg-800x813.jpg 800w, https:\/\/www.hotelpigalle.se\/wp-content\/uploads\/2022\/03\/Suite_Celeste_web2022_mvg.jpg 1000w\" data-sizes=\"auto\" data-orig-sizes=\"(max-width: 1024px) 100vw, (max-width: 640px) 100vw, 1000px\" \/><\/a><\/span><\/div><\/div><\/div><\/div><\/div><\/div><\/div><\/div><\/p>\n","protected":false},"excerpt":{"rendered":"","protected":false},"author":21,"featured_media":0,"parent":16062,"menu_order":0,"comment_status":"closed","ping_status":"closed","template":"100-width.php","meta":{"_acf_changed":false,"inline_featured_image":false,"footnotes":""},"class_list":["post-16074","page","type-page","status-publish","hentry"],"acf":[],"yoast_head":"<!-- This site is optimized with the Yoast SEO plugin v27.1.1 - https:\/\/yoast.com\/product\/yoast-seo-wordpress\/ -->\n<title>Suite C\u00e9leste - Luksussuite p\u00e5 Hotell Pigalle G\u00f8teborg<\/title>\n<meta name=\"description\" content=\"Suite C\u00e9leste er v\u00e5r mest eksklusive suite - inspirert av La Belle \u00c9poque. Opplev luksus midt i G\u00f8teborg. Bestill direkte for beste pris.\" \/>\n<meta name=\"robots\" content=\"index, follow, max-snippet:-1, max-image-preview:large, max-video-preview:-1\" \/>\n<link rel=\"canonical\" href=\"https:\/\/www.hotelpigalle.se\/no\/rom\/suite-celeste\/\" \/>\n<meta property=\"og:locale\" content=\"nb_NO\" \/>\n<meta property=\"og:type\" content=\"article\" \/>\n<meta property=\"og:title\" content=\"Suite C\u00e9leste - Luksussuite p\u00e5 Hotell Pigalle G\u00f8teborg\" \/>\n<meta property=\"og:description\" content=\"Suite C\u00e9leste er v\u00e5r mest eksklusive suite - inspirert av La Belle \u00c9poque. Opplev luksus midt i G\u00f8teborg. Bestill direkte for beste pris.\" \/>\n<meta property=\"og:url\" content=\"https:\/\/www.hotelpigalle.se\/no\/rom\/suite-celeste\/\" \/>\n<meta property=\"og:site_name\" content=\"Hotel Pigalle\u00ae\" \/>\n<meta property=\"article:publisher\" content=\"https:\/\/www.facebook.com\/hotelpigallegbg\/\" \/>\n<meta property=\"article:modified_time\" content=\"2026-03-15T10:18:25+00:00\" \/>\n<meta property=\"og:image\" content=\"https:\/\/www.hotelpigalle.se\/wp-content\/uploads\/2025\/10\/Restaurant_pigalle2-1024x683.jpg\" \/>\n\t<meta property=\"og:image:width\" content=\"1024\" \/>\n\t<meta property=\"og:image:height\" content=\"683\" \/>\n\t<meta property=\"og:image:type\" content=\"image\/jpeg\" \/>\n<!-- \/ Yoast SEO plugin. -->","yoast_head_json":{"title":"Suite C\u00e9leste - Luksussuite p\u00e5 Hotell Pigalle G\u00f8teborg","description":"Suite C\u00e9leste er v\u00e5r mest eksklusive suite - inspirert av La Belle \u00c9poque. Opplev luksus midt i G\u00f8teborg. Bestill direkte for beste pris.","robots":{"index":"index","follow":"follow","max-snippet":"max-snippet:-1","max-image-preview":"max-image-preview:large","max-video-preview":"max-video-preview:-1"},"canonical":"https:\/\/www.hotelpigalle.se\/no\/rom\/suite-celeste\/","og_locale":"nb_NO","og_type":"article","og_title":"Suite C\u00e9leste - Luksussuite p\u00e5 Hotell Pigalle G\u00f8teborg","og_description":"Suite C\u00e9leste er v\u00e5r mest eksklusive suite - inspirert av La Belle \u00c9poque. Opplev luksus midt i G\u00f8teborg. Bestill direkte for beste pris.","og_url":"https:\/\/www.hotelpigalle.se\/no\/rom\/suite-celeste\/","og_site_name":"Hotel Pigalle\u00ae","article_publisher":"https:\/\/www.facebook.com\/hotelpigallegbg\/","article_modified_time":"2026-03-15T10:18:25+00:00","og_image":[{"width":1024,"height":683,"url":"https:\/\/www.hotelpigalle.se\/wp-content\/uploads\/2025\/10\/Restaurant_pigalle2-1024x683.jpg","type":"image\/jpeg"}],"schema":{"@context":"https:\/\/schema.org","@graph":[]}},"_links":{"self":[{"href":"https:\/\/www.hotelpigalle.se\/no\/wp-json\/wp\/v2\/pages\/16074","targetHints":{"allow":["GET"]}}],"collection":[{"href":"https:\/\/www.hotelpigalle.se\/no\/wp-json\/wp\/v2\/pages"}],"about":[{"href":"https:\/\/www.hotelpigalle.se\/no\/wp-json\/wp\/v2\/types\/page"}],"author":[{"embeddable":true,"href":"https:\/\/www.hotelpigalle.se\/no\/wp-json\/wp\/v2\/users\/21"}],"replies":[{"embeddable":true,"href":"https:\/\/www.hotelpigalle.se\/no\/wp-json\/wp\/v2\/comments?post=16074"}],"version-history":[{"count":4,"href":"https:\/\/www.hotelpigalle.se\/no\/wp-json\/wp\/v2\/pages\/16074\/revisions"}],"predecessor-version":[{"id":17510,"href":"https:\/\/www.hotelpigalle.se\/no\/wp-json\/wp\/v2\/pages\/16074\/revisions\/17510"}],"up":[{"embeddable":true,"href":"https:\/\/www.hotelpigalle.se\/no\/wp-json\/wp\/v2\/pages\/16062"}],"wp:attachment":[{"href":"https:\/\/www.hotelpigalle.se\/no\/wp-json\/wp\/v2\/media?parent=16074"}],"curies":[{"name":"wp","href":"https:\/\/api.w.org\/{rel}","templated":true}]}}